{"id":14,"date":"2024-02-01T12:13:40","date_gmt":"2024-02-01T11:13:40","guid":{"rendered":"https:\/\/iycdenmark.dk\/?page_id=14"},"modified":"2024-02-02T14:04:56","modified_gmt":"2024-02-02T13:04:56","slug":"historie-og-koncept","status":"publish","type":"page","link":"https:\/\/iycdenmark.dk\/da\/historie-og-koncept\/","title":{"rendered":"Historie og Koncept"},"content":{"rendered":"<p>IYC blev f\u00f8rste gang afholdt i 2019 af \u00d8strig og Ungarn med det form\u00e5l at fremme udviklingen af juniordarten under WDF (World Darts Federation). Det var et banebrydende skridt for at skabe en platform for unge dartspillere til at konkurrere og udveksle erfaringer p\u00e5 internationalt niveau.<\/p><p>P\u00e5 grund af de udfordringer, som COVID-19-pandemien medf\u00f8rte, blev eventet desv\u00e6rre udskudt, og det blev f\u00f8rst afholdt igen i 2022. P\u00e5 trods af de vanskeligheder lykkedes det at samle 66 spillere fra forskellige lande til dette genoplivende arrangement.<\/p><p>I 2023 gentog man succesen i \u00d8strig, hvor hele 113 juniorspillere fra ikke f\u00e6rre end 19 forskellige nationer deltog. Dette var et tydeligt bevis p\u00e5, hvor meget IYC havde vokset sig til en international begivenhed og et samlingspunkt for unge dartspillere verden over.<\/p><p>I 2024 er Danmark ogs\u00e5 klar til at deltage i denne sp\u00e6ndende tradition. Et IYC-st\u00e6vne er planlagt til juli, og Tyskland har sluttet sig til r\u00e6kkerne ved at arrangere deres eget IYC i august.<\/p><p><strong>Koncept<\/strong><\/p><p>IYC er designet som et to-dages arrangement. P\u00e5 l\u00f8rdagen afholdes WDF-sanktionerede drenge- og pigesingler, efterfulgt af en sjov begivenhed for deltagerne. Her er der mulighed for at kombinere konkurrence med underholdning og kammeratskab.<\/p><p>S\u00f8ndagen byder p\u00e5 hold- og parturneringer med tilf\u00e6ldigt sammensatte hold og par. Arrangementet afsluttes med en rangliste for nationer, baseret p\u00e5 alle spil i l\u00f8bet af weekenden. Ogs\u00e5 ranglisten for nationer vil blive bel\u00f8nnet.<\/p><p>Hele arrangementet arrangeres af Dansk Dart Union (DDU) og er, inklusive den sjove begivenhed, gratis for alle deltagere. Det handler om at skabe en inkluderende og givende oplevelse for unge dartspillere fra hele verden.<\/p><p>International Youth Challenge (IYC) er mere end blot et dartst\u00e6vne; det er en fejring af talent, venskab og dartkulturen p\u00e5 tv\u00e6rs af nationer. Vi ser frem til at byde dig velkommen til dette \u00e5rs begivenhed og til at se, hvordan den forts\u00e6tter med at vokse og styrke det globale dartf\u00e6llesskab.<\/p>","protected":false},"excerpt":{"rendered":"<p>IYC blev f\u00f8rste gang afholdt i 2019 af \u00d8strig og Ungarn med det form\u00e5l at fremme udviklingen af juniordarten under WDF (World Darts Federation). Det var et banebrydende skridt for at skabe en platform for unge dartspillere til at konkurrere og udveksle erfaringer p\u00e5 internationalt niveau. P\u00e5 grund af de udfordringer, som COVID-19-pandemien medf\u00f8rte, blev [&hellip;]<\/p>\n","protected":false},"author":1,"featured_media":0,"parent":0,"menu_order":0,"comment_status":"closed","ping_status":"closed","template":"","meta":{"footnotes":""},"class_list":["post-14","page","type-page","status-publish","czr-hentry"],"_links":{"self":[{"href":"https:\/\/iycdenmark.dk\/da\/wp-json\/wp\/v2\/pages\/14","targetHints":{"allow":["GET"]}}],"collection":[{"href":"https:\/\/iycdenmark.dk\/da\/wp-json\/wp\/v2\/pages"}],"about":[{"href":"https:\/\/iycdenmark.dk\/da\/wp-json\/wp\/v2\/types\/page"}],"author":[{"embeddable":true,"href":"https:\/\/iycdenmark.dk\/da\/wp-json\/wp\/v2\/users\/1"}],"replies":[{"embeddable":true,"href":"https:\/\/iycdenmark.dk\/da\/wp-json\/wp\/v2\/comments?post=14"}],"version-history":[{"count":0,"href":"https:\/\/iycdenmark.dk\/da\/wp-json\/wp\/v2\/pages\/14\/revisions"}],"wp:attachment":[{"href":"https:\/\/iycdenmark.dk\/da\/wp-json\/wp\/v2\/media?parent=14"}],"curies":[{"name":"wp","href":"https:\/\/api.w.org\/{rel}","templated":true}]}}