{"id":16,"date":"2024-02-01T12:15:27","date_gmt":"2024-02-01T11:15:27","guid":{"rendered":"https:\/\/iycdenmark.dk\/?page_id=16"},"modified":"2024-02-04T01:07:37","modified_gmt":"2024-02-04T00:07:37","slug":"ungdoms-dartskole","status":"publish","type":"page","link":"https:\/\/iycdenmark.dk\/da\/ungdoms-dartskole\/","title":{"rendered":"Dartskole"},"content":{"rendered":"<div class=\"wp-block-image\"><figure class=\"alignright size-large is-resized\"><img loading=\"lazy\" decoding=\"async\" width=\"1024\" height=\"708\" src=\"https:\/\/iycdenmark.dk\/wp-content\/uploads\/2024\/02\/YDA_2024_logooplaeg_V04-2-1024x708.png\" alt=\"\" class=\"wp-image-119\" style=\"width:363px;height:auto\" srcset=\"https:\/\/iycdenmark.dk\/wp-content\/uploads\/2024\/02\/YDA_2024_logooplaeg_V04-2-1024x708.png 1024w, https:\/\/iycdenmark.dk\/wp-content\/uploads\/2024\/02\/YDA_2024_logooplaeg_V04-2-600x415.png 600w, https:\/\/iycdenmark.dk\/wp-content\/uploads\/2024\/02\/YDA_2024_logooplaeg_V04-2-300x208.png 300w, https:\/\/iycdenmark.dk\/wp-content\/uploads\/2024\/02\/YDA_2024_logooplaeg_V04-2-768x531.png 768w, https:\/\/iycdenmark.dk\/wp-content\/uploads\/2024\/02\/YDA_2024_logooplaeg_V04-2-1536x1063.png 1536w, https:\/\/iycdenmark.dk\/wp-content\/uploads\/2024\/02\/YDA_2024_logooplaeg_V04-2-2048x1417.png 2048w, https:\/\/iycdenmark.dk\/wp-content\/uploads\/2024\/02\/YDA_2024_logooplaeg_V04-2-570x394.png 570w, https:\/\/iycdenmark.dk\/wp-content\/uploads\/2024\/02\/YDA_2024_logooplaeg_V04-2.png 1600w\" sizes=\"auto, (max-width: 1024px) 100vw, 1024px\" \/><\/figure><\/div><p>Velkommen til Dartskolen, hvor vi har taget et stort skridt fremad for at udvide vores koncept til en global arena! I mere end to \u00e5rtier har Dartskolen v\u00e6ret epicentret for dansk ungdomsdart, og i \u00e5r har vi besluttet at dele vores ekspertise og passion med darttalenter fra hele verden.<\/p><p><strong>Historien bag Dartskolen:<\/strong><br>Helt fra sin begyndelse har Dartskolen v\u00e6ret en uge fyldt med intensiv tr\u00e6ning og socialt samv\u00e6r for unge danske dartspillere. I \u00e5ret 2021 udvidede vi deltagergruppen til at inkludere unge op til 25 \u00e5r. Nu tager vi endnu et dristigt skridt ved at invitere unge darttalenter fra hele verden til at deltage. Vores koncept har vist sig at v\u00e6re en succes, og vi tror p\u00e5, at udenlandske juniorer vil nyde godt af denne unikke oplevelse.<\/p><p><strong>\u00c5bner D\u00f8rene til Verden:<\/strong><br>Dartskolen er ikke kun for Danmark; det er en international begivenhed. Vi byder dartspillere fra hele kloden velkommen til at deltage i vores intensive tr\u00e6ningslejr. Dette \u00e5bner op for en unik mulighed for at dele teknikker, kultur og dartk\u00e6rlighed p\u00e5 tv\u00e6rs af gr\u00e6nserne. Det er vores ambition at skabe et globalt f\u00e6llesskab af dartentusiaster.<\/p><p><strong>Et All-Star Mentorteam:<\/strong><br>For at sikre, at Dartskolen er en endnu mere mindev\u00e6rdig oplevelse, har vi udvidet vores mentorteam. Ud over den anerkendte dartspiller Jamie Caven vil nu ogs\u00e5 Devon Petersen dele deres ekspertise med de unge deltagerne. Disse to dartlegender vil v\u00e6re til stede under hele tr\u00e6ningsperioden og give vejledning og inspiration til vores talentfulde dartspillere.<\/p><p><strong>Dartskolen: Sammen Skaber Vi Historie<\/strong><br>Vi er utroligt sp\u00e6ndte p\u00e5 denne nye fase af Dartskolen og ser frem til at byde deltagere fra hele verden velkommen. Dartskolen er mere end bare en tr\u00e6ningslejr; det er en mulighed for at samle verden omkring dart og for at se de kommende stjerner forme deres sk\u00e6bner. Tilmeld dig nu, og lad os sammen skabe historie i dartverdenen!<\/p><p>S\u00e5 kom og v\u00e6r en del af Dartskolen, hvor pilekastere fra hele verden forenes i k\u00e6rlighed til spillet og str\u00e6ben efter dartperfektion!<\/p><div data-block-name=\"woocommerce\/product-category\" data-categories=\"[39]\" data-columns=\"1\" data-content-visibility=\"{&quot;image&quot;:true,&quot;title&quot;:true,&quot;price&quot;:true,&quot;rating&quot;:false,&quot;button&quot;:true}\" data-rows=\"2\" class=\"wc-block-grid wp-block-product-category wp-block-woocommerce-product-category wc-block-product-category has-1-columns has-multiple-rows\"><ul class=\"wc-block-grid__products\"><li class=\"wc-block-grid__product\">\n\t\t\t\t<a href=\"https:\/\/iycdenmark.dk\/da\/vare\/dartskole-og-iyc-1-uge\/\" class=\"wc-block-grid__product-link\">\n\t\t\t\t\t<div class=\"wc-block-grid__product-onsale\">\n\t\t\t<span aria-hidden=\"true\">Tilbud<\/span>\n\t\t\t<span class=\"screen-reader-text\">Vare p\u00e5 tilbud<\/span>\n\t\t<\/div>\n\t\t\t\t\t<div class=\"wc-block-grid__product-image\"><img loading=\"lazy\" decoding=\"async\" width=\"300\" height=\"300\" src=\"https:\/\/iycdenmark.dk\/wp-content\/uploads\/2025\/02\/YDA_2025_logo-2-300x300.png\" class=\"attachment-woocommerce_thumbnail size-woocommerce_thumbnail no-lazy\" alt=\"Dartskole og IYC\" srcset=\"https:\/\/iycdenmark.dk\/wp-content\/uploads\/2025\/02\/YDA_2025_logo-2-300x300.png 300w, https:\/\/iycdenmark.dk\/wp-content\/uploads\/2025\/02\/YDA_2025_logo-2-150x150.png 150w, https:\/\/iycdenmark.dk\/wp-content\/uploads\/2025\/02\/YDA_2025_logo-2-510x510.png 510w, https:\/\/iycdenmark.dk\/wp-content\/uploads\/2025\/02\/YDA_2025_logo-2-100x100.png 100w\" sizes=\"auto, (max-width: 300px) 100vw, 300px\" \/><\/div>\n\t\t\t\t\t<div class=\"wc-block-grid__product-title\">Dartskole og IYC<\/div>\n\t\t\t\t<\/a>\n\t\t\t\t<div class=\"wc-block-grid__product-price price\"><del aria-hidden=\"true\"><span class=\"woocommerce-Price-amount amount\">2 625,00&nbsp;<span class=\"woocommerce-Price-currencySymbol\">kr.<\/span><\/span><\/del> <span class=\"screen-reader-text\">Original price was: 2 625,00&nbsp;kr..<\/span><ins aria-hidden=\"true\"><span class=\"woocommerce-Price-amount amount\">2 437,50&nbsp;<span class=\"woocommerce-Price-currencySymbol\">kr.<\/span><\/span><\/ins><span class=\"screen-reader-text\">Current price is: 2 437,50&nbsp;kr..<\/span><\/div>\n\t\t\t\t\n\t\t\t\t<div class=\"wp-block-button wc-block-grid__product-add-to-cart\"><a href=\"https:\/\/iycdenmark.dk\/da\/vare\/dartskole-og-iyc-1-uge\/\" aria-label=\"Add to cart: &ldquo;Dartskole og IYC&rdquo;\" data-quantity=\"1\" data-product_id=\"156\" data-product_sku=\"\" data-price=\"2437.5\" rel=\"nofollow\" class=\"wp-block-button__link  add_to_cart_button\">Registrer<\/a><\/div>\n\t\t\t<\/li><\/ul><\/div><figure class=\"wp-block-gallery has-nested-images columns-default is-cropped wp-block-gallery-1 is-layout-flex wp-block-gallery-is-layout-flex\"><figure class=\"wp-block-image size-large\"><img loading=\"lazy\" decoding=\"async\" width=\"768\" height=\"1024\" data-id=\"195\" src=\"https:\/\/iycdenmark.dk\/wp-content\/uploads\/2024\/02\/PHOTO-2024-01-12-18-35-50-5.jpg\" alt=\"\" class=\"wp-image-195\" srcset=\"https:\/\/iycdenmark.dk\/wp-content\/uploads\/2024\/02\/PHOTO-2024-01-12-18-35-50-5.jpg 768w, https:\/\/iycdenmark.dk\/wp-content\/uploads\/2024\/02\/PHOTO-2024-01-12-18-35-50-5-600x800.jpg 600w, https:\/\/iycdenmark.dk\/wp-content\/uploads\/2024\/02\/PHOTO-2024-01-12-18-35-50-5-225x300.jpg 225w, https:\/\/iycdenmark.dk\/wp-content\/uploads\/2024\/02\/PHOTO-2024-01-12-18-35-50-5-570x760.jpg 570w\" sizes=\"auto, (max-width: 768px) 100vw, 768px\" \/><\/figure>\n\n<figure class=\"wp-block-image size-large\"><img loading=\"lazy\" decoding=\"async\" width=\"1024\" height=\"768\" data-id=\"193\" src=\"https:\/\/iycdenmark.dk\/wp-content\/uploads\/2024\/02\/PHOTO-2024-01-12-18-35-50-6.jpg\" alt=\"\" class=\"wp-image-193\" srcset=\"https:\/\/iycdenmark.dk\/wp-content\/uploads\/2024\/02\/PHOTO-2024-01-12-18-35-50-6.jpg 1024w, https:\/\/iycdenmark.dk\/wp-content\/uploads\/2024\/02\/PHOTO-2024-01-12-18-35-50-6-600x450.jpg 600w, https:\/\/iycdenmark.dk\/wp-content\/uploads\/2024\/02\/PHOTO-2024-01-12-18-35-50-6-300x225.jpg 300w, https:\/\/iycdenmark.dk\/wp-content\/uploads\/2024\/02\/PHOTO-2024-01-12-18-35-50-6-768x576.jpg 768w, https:\/\/iycdenmark.dk\/wp-content\/uploads\/2024\/02\/PHOTO-2024-01-12-18-35-50-6-570x428.jpg 570w\" sizes=\"auto, (max-width: 1024px) 100vw, 1024px\" \/><\/figure>\n\n<figure class=\"wp-block-image size-large\"><img loading=\"lazy\" decoding=\"async\" width=\"768\" height=\"1024\" data-id=\"189\" src=\"https:\/\/iycdenmark.dk\/wp-content\/uploads\/2024\/02\/PHOTO-2024-01-12-18-35-50-8.jpg\" alt=\"\" class=\"wp-image-189\" srcset=\"https:\/\/iycdenmark.dk\/wp-content\/uploads\/2024\/02\/PHOTO-2024-01-12-18-35-50-8.jpg 768w, https:\/\/iycdenmark.dk\/wp-content\/uploads\/2024\/02\/PHOTO-2024-01-12-18-35-50-8-600x800.jpg 600w, https:\/\/iycdenmark.dk\/wp-content\/uploads\/2024\/02\/PHOTO-2024-01-12-18-35-50-8-225x300.jpg 225w, https:\/\/iycdenmark.dk\/wp-content\/uploads\/2024\/02\/PHOTO-2024-01-12-18-35-50-8-570x760.jpg 570w\" sizes=\"auto, (max-width: 768px) 100vw, 768px\" \/><\/figure>\n\n<figure class=\"wp-block-image size-large\"><img loading=\"lazy\" decoding=\"async\" width=\"1024\" height=\"768\" data-id=\"186\" src=\"https:\/\/iycdenmark.dk\/wp-content\/uploads\/2024\/02\/PHOTO-2024-01-12-18-35-50-7.jpg\" alt=\"\" class=\"wp-image-186\" srcset=\"https:\/\/iycdenmark.dk\/wp-content\/uploads\/2024\/02\/PHOTO-2024-01-12-18-35-50-7.jpg 1024w, https:\/\/iycdenmark.dk\/wp-content\/uploads\/2024\/02\/PHOTO-2024-01-12-18-35-50-7-600x450.jpg 600w, https:\/\/iycdenmark.dk\/wp-content\/uploads\/2024\/02\/PHOTO-2024-01-12-18-35-50-7-300x225.jpg 300w, https:\/\/iycdenmark.dk\/wp-content\/uploads\/2024\/02\/PHOTO-2024-01-12-18-35-50-7-768x576.jpg 768w, https:\/\/iycdenmark.dk\/wp-content\/uploads\/2024\/02\/PHOTO-2024-01-12-18-35-50-7-570x428.jpg 570w\" sizes=\"auto, (max-width: 1024px) 100vw, 1024px\" \/><\/figure>\n\n<figure class=\"wp-block-image size-large\"><img loading=\"lazy\" decoding=\"async\" width=\"768\" height=\"1024\" data-id=\"185\" src=\"https:\/\/iycdenmark.dk\/wp-content\/uploads\/2024\/02\/PHOTO-2024-01-12-18-35-50-4.jpg\" alt=\"\" class=\"wp-image-185\" srcset=\"https:\/\/iycdenmark.dk\/wp-content\/uploads\/2024\/02\/PHOTO-2024-01-12-18-35-50-4.jpg 768w, https:\/\/iycdenmark.dk\/wp-content\/uploads\/2024\/02\/PHOTO-2024-01-12-18-35-50-4-600x800.jpg 600w, https:\/\/iycdenmark.dk\/wp-content\/uploads\/2024\/02\/PHOTO-2024-01-12-18-35-50-4-225x300.jpg 225w, https:\/\/iycdenmark.dk\/wp-content\/uploads\/2024\/02\/PHOTO-2024-01-12-18-35-50-4-570x760.jpg 570w\" sizes=\"auto, (max-width: 768px) 100vw, 768px\" \/><\/figure><\/figure>","protected":false},"excerpt":{"rendered":"<p>Velkommen til Dartskolen, hvor vi har taget et stort skridt fremad for at udvide vores koncept til en global arena! I mere end to \u00e5rtier har Dartskolen v\u00e6ret epicentret for dansk ungdomsdart, og i \u00e5r har vi besluttet at dele vores ekspertise og passion med darttalenter fra hele verden. Historien bag Dartskolen:Helt fra sin begyndelse [&hellip;]<\/p>\n","protected":false},"author":1,"featured_media":0,"parent":0,"menu_order":0,"comment_status":"closed","ping_status":"closed","template":"","meta":{"footnotes":""},"class_list":["post-16","page","type-page","status-publish","czr-hentry"],"_links":{"self":[{"href":"https:\/\/iycdenmark.dk\/da\/wp-json\/wp\/v2\/pages\/16","targetHints":{"allow":["GET"]}}],"collection":[{"href":"https:\/\/iycdenmark.dk\/da\/wp-json\/wp\/v2\/pages"}],"about":[{"href":"https:\/\/iycdenmark.dk\/da\/wp-json\/wp\/v2\/types\/page"}],"author":[{"embeddable":true,"href":"https:\/\/iycdenmark.dk\/da\/wp-json\/wp\/v2\/users\/1"}],"replies":[{"embeddable":true,"href":"https:\/\/iycdenmark.dk\/da\/wp-json\/wp\/v2\/comments?post=16"}],"version-history":[{"count":0,"href":"https:\/\/iycdenmark.dk\/da\/wp-json\/wp\/v2\/pages\/16\/revisions"}],"wp:attachment":[{"href":"https:\/\/iycdenmark.dk\/da\/wp-json\/wp\/v2\/media?parent=16"}],"curies":[{"name":"wp","href":"https:\/\/api.w.org\/{rel}","templated":true}]}}