{"id":335,"date":"2024-02-05T22:44:57","date_gmt":"2024-02-05T21:44:57","guid":{"rendered":"https:\/\/iycdenmark.dk\/?page_id=335"},"modified":"2024-02-08T14:20:37","modified_gmt":"2024-02-08T13:20:37","slug":"devon-petersen-den-sydafrikanske-dart-sensation","status":"publish","type":"page","link":"https:\/\/iycdenmark.dk\/da\/devon-petersen-den-sydafrikanske-dart-sensation\/","title":{"rendered":"Devon Petersen: Den Sydafrikanske Dart-Sensation"},"content":{"rendered":"<div class=\"wp-block-image\"><figure class=\"alignright size-large is-resized\"><img loading=\"lazy\" decoding=\"async\" width=\"1024\" height=\"786\" src=\"https:\/\/iycdenmark.dk\/wp-content\/uploads\/2024\/02\/IMG_5082-1024x786.jpg\" alt=\"\" class=\"wp-image-276\" style=\"width:304px;height:auto\" srcset=\"https:\/\/iycdenmark.dk\/wp-content\/uploads\/2024\/02\/IMG_5082-1024x786.jpg 1024w, https:\/\/iycdenmark.dk\/wp-content\/uploads\/2024\/02\/IMG_5082-300x230.jpg 300w, https:\/\/iycdenmark.dk\/wp-content\/uploads\/2024\/02\/IMG_5082-768x589.jpg 768w, https:\/\/iycdenmark.dk\/wp-content\/uploads\/2024\/02\/IMG_5082-1536x1179.jpg 1536w, https:\/\/iycdenmark.dk\/wp-content\/uploads\/2024\/02\/IMG_5082-570x437.jpg 570w, https:\/\/iycdenmark.dk\/wp-content\/uploads\/2024\/02\/IMG_5082-600x461.jpg 600w, https:\/\/iycdenmark.dk\/wp-content\/uploads\/2024\/02\/IMG_5082.jpg 2000w\" sizes=\"auto, (max-width: 1024px) 100vw, 1024px\" \/><\/figure><\/div><p>Devon Petersen er et navn, der genklang hos dartentusiaster over hele verden. F\u00f8dt den 4. juni 1986 i Mitchells Plain, Sydafrika, er han tr\u00e5dt frem som en af de mest str\u00e5lende stjerner i verden af professionel dart.<\/p><p>Petersens rejse inden for dart begyndte i en ung alder, og hans dedikation til sporten blev hurtigt tydelig. Kendt for sin karismatiske personlighed og livlige tilstedev\u00e6relse p\u00e5 scenen har han f\u00e5et k\u00e6lenavnet &#8220;The African Warrior&#8221; (Den Afrikanske Kriger). Det er ikke kun hans dartf\u00e6rdigheder, der fanger publikums opm\u00e6rksomhed, men ogs\u00e5 hans showmanship og evne til at engagere m\u00e6ngden.<\/p><p>Devon Petersen gjorde sit gennembrud p\u00e5 den internationale dartscene og blev den f\u00f8rste sydafrikanske spiller til at sikre sig et PDC (Professional Darts Corporation) Tour Card i 2011. Siden da har han konsekvent vist sit talent p\u00e5 den professionelle turn\u00e9 og konkurreret mod verdens bedste spillere.<\/p><p>En af hans mest bem\u00e6rkelsesv\u00e6rdige pr\u00e6stationer kom i 2021, hvor han n\u00e5ede semifinalen i den prestigefyldte PDC World Darts Championship. Hans elektrificerende pr\u00e6stationer og utrolige rejse gennem turneringen erobrede fansens hjerter og solidificerede hans status som en topklasses spiller.<\/p><p>Petersens indflydelse str\u00e6kker sig ud over dartskiven; han er ogs\u00e5 ambassad\u00f8r for dart i Sydafrika og inspirerer den n\u00e6ste generation af spillere. Hans engagement i at udvikle sporten i Afrika har tjent ham anerkendelse og beundring fra b\u00e5de fans og medspillere.<\/p><p>Med sin unikke stil, dygtighed og urokkelige beslutsomhed forts\u00e6tter Devon Petersen med at s\u00e6tte sit pr\u00e6g p\u00e5 dartverdenen. Han forbliver en sp\u00e6ndende spiller at f\u00f8lge og en \u00e6gte ambassad\u00f8r for sporten, der repr\u00e6senterer Sydafrika p\u00e5 den globale dartscene.<\/p><figure class=\"wp-block-gallery has-nested-images columns-default is-cropped wp-block-gallery-1 is-layout-flex wp-block-gallery-is-layout-flex\"><figure class=\"wp-block-image size-large\"><img loading=\"lazy\" decoding=\"async\" width=\"1024\" height=\"682\" data-id=\"279\" src=\"https:\/\/iycdenmark.dk\/wp-content\/uploads\/2024\/02\/IMG_5080-1024x682.jpg\" alt=\"\" class=\"wp-image-279\" srcset=\"https:\/\/iycdenmark.dk\/wp-content\/uploads\/2024\/02\/IMG_5080-1024x682.jpg 1024w, https:\/\/iycdenmark.dk\/wp-content\/uploads\/2024\/02\/IMG_5080-300x200.jpg 300w, https:\/\/iycdenmark.dk\/wp-content\/uploads\/2024\/02\/IMG_5080-768x512.jpg 768w, https:\/\/iycdenmark.dk\/wp-content\/uploads\/2024\/02\/IMG_5080-1536x1024.jpg 1536w, https:\/\/iycdenmark.dk\/wp-content\/uploads\/2024\/02\/IMG_5080-570x380.jpg 570w, https:\/\/iycdenmark.dk\/wp-content\/uploads\/2024\/02\/IMG_5080-600x400.jpg 600w, https:\/\/iycdenmark.dk\/wp-content\/uploads\/2024\/02\/IMG_5080.jpg 2000w\" sizes=\"auto, (max-width: 1024px) 100vw, 1024px\" \/><\/figure>\n\n<figure class=\"wp-block-image size-large\"><img loading=\"lazy\" decoding=\"async\" width=\"682\" height=\"1024\" data-id=\"273\" src=\"https:\/\/iycdenmark.dk\/wp-content\/uploads\/2024\/02\/IMG_5083-682x1024.jpg\" alt=\"\" class=\"wp-image-273\" srcset=\"https:\/\/iycdenmark.dk\/wp-content\/uploads\/2024\/02\/IMG_5083-682x1024.jpg 682w, https:\/\/iycdenmark.dk\/wp-content\/uploads\/2024\/02\/IMG_5083-200x300.jpg 200w, https:\/\/iycdenmark.dk\/wp-content\/uploads\/2024\/02\/IMG_5083-768x1153.jpg 768w, https:\/\/iycdenmark.dk\/wp-content\/uploads\/2024\/02\/IMG_5083-1023x1536.jpg 1023w, https:\/\/iycdenmark.dk\/wp-content\/uploads\/2024\/02\/IMG_5083-570x856.jpg 570w, https:\/\/iycdenmark.dk\/wp-content\/uploads\/2024\/02\/IMG_5083-600x901.jpg 600w, https:\/\/iycdenmark.dk\/wp-content\/uploads\/2024\/02\/IMG_5083.jpg 1066w\" sizes=\"auto, (max-width: 682px) 100vw, 682px\" \/><\/figure>\n\n<figure class=\"wp-block-image size-large\"><img loading=\"lazy\" decoding=\"async\" width=\"1024\" height=\"682\" data-id=\"270\" src=\"https:\/\/iycdenmark.dk\/wp-content\/uploads\/2024\/02\/IMG_5081-1024x682.jpg\" alt=\"\" class=\"wp-image-270\" srcset=\"https:\/\/iycdenmark.dk\/wp-content\/uploads\/2024\/02\/IMG_5081-1024x682.jpg 1024w, https:\/\/iycdenmark.dk\/wp-content\/uploads\/2024\/02\/IMG_5081-300x200.jpg 300w, https:\/\/iycdenmark.dk\/wp-content\/uploads\/2024\/02\/IMG_5081-768x512.jpg 768w, https:\/\/iycdenmark.dk\/wp-content\/uploads\/2024\/02\/IMG_5081-1536x1024.jpg 1536w, https:\/\/iycdenmark.dk\/wp-content\/uploads\/2024\/02\/IMG_5081-570x380.jpg 570w, https:\/\/iycdenmark.dk\/wp-content\/uploads\/2024\/02\/IMG_5081-600x400.jpg 600w, https:\/\/iycdenmark.dk\/wp-content\/uploads\/2024\/02\/IMG_5081.jpg 2000w\" sizes=\"auto, (max-width: 1024px) 100vw, 1024px\" \/><\/figure><\/figure>","protected":false},"excerpt":{"rendered":"<p>Devon Petersen er et navn, der genklang hos dartentusiaster over hele verden. F\u00f8dt den 4. juni 1986 i Mitchells Plain, Sydafrika, er han tr\u00e5dt frem som en af de mest str\u00e5lende stjerner i verden af professionel dart. Petersens rejse inden for dart begyndte i en ung alder, og hans dedikation til sporten blev hurtigt tydelig. [&hellip;]<\/p>\n","protected":false},"author":1,"featured_media":0,"parent":0,"menu_order":0,"comment_status":"closed","ping_status":"closed","template":"","meta":{"footnotes":""},"class_list":["post-335","page","type-page","status-publish","czr-hentry"],"_links":{"self":[{"href":"https:\/\/iycdenmark.dk\/da\/wp-json\/wp\/v2\/pages\/335","targetHints":{"allow":["GET"]}}],"collection":[{"href":"https:\/\/iycdenmark.dk\/da\/wp-json\/wp\/v2\/pages"}],"about":[{"href":"https:\/\/iycdenmark.dk\/da\/wp-json\/wp\/v2\/types\/page"}],"author":[{"embeddable":true,"href":"https:\/\/iycdenmark.dk\/da\/wp-json\/wp\/v2\/users\/1"}],"replies":[{"embeddable":true,"href":"https:\/\/iycdenmark.dk\/da\/wp-json\/wp\/v2\/comments?post=335"}],"version-history":[{"count":0,"href":"https:\/\/iycdenmark.dk\/da\/wp-json\/wp\/v2\/pages\/335\/revisions"}],"wp:attachment":[{"href":"https:\/\/iycdenmark.dk\/da\/wp-json\/wp\/v2\/media?parent=335"}],"curies":[{"name":"wp","href":"https:\/\/api.w.org\/{rel}","templated":true}]}}