{"id":337,"date":"2024-02-05T22:45:59","date_gmt":"2024-02-05T21:45:59","guid":{"rendered":"https:\/\/iycdenmark.dk\/?page_id=337"},"modified":"2024-02-08T14:39:46","modified_gmt":"2024-02-08T13:39:46","slug":"jamie-caven-dartsportens-rejsemand","status":"publish","type":"page","link":"https:\/\/iycdenmark.dk\/da\/jamie-caven-dartsportens-rejsemand\/","title":{"rendered":"Jamie Caven: Dartsportens rejsemand"},"content":{"rendered":"<div class=\"wp-block-image\"><figure class=\"alignright size-full is-resized\"><img loading=\"lazy\" decoding=\"async\" width=\"828\" height=\"800\" src=\"https:\/\/iycdenmark.dk\/wp-content\/uploads\/2024\/02\/IMG_0880.jpg\" alt=\"\" class=\"wp-image-428\" style=\"width:230px;height:auto\" srcset=\"https:\/\/iycdenmark.dk\/wp-content\/uploads\/2024\/02\/IMG_0880.jpg 828w, https:\/\/iycdenmark.dk\/wp-content\/uploads\/2024\/02\/IMG_0880-300x290.jpg 300w, https:\/\/iycdenmark.dk\/wp-content\/uploads\/2024\/02\/IMG_0880-768x742.jpg 768w, https:\/\/iycdenmark.dk\/wp-content\/uploads\/2024\/02\/IMG_0880-570x551.jpg 570w, https:\/\/iycdenmark.dk\/wp-content\/uploads\/2024\/02\/IMG_0880-600x580.jpg 600w\" sizes=\"auto, (max-width: 828px) 100vw, 828px\" \/><\/figure><\/div><p>Jamie Caven er en garvet skikkelse inden for verden af professionel dart og fejres for sin vedvarende tilstedev\u00e6relse og dedikation til sporten. F\u00f8dt den 15. april 1976 i Leicester, England, har han skrevet sit navn i dartens historieb\u00f8ger gennem \u00e5rtiers h\u00e5rdt tilk\u00e6mpede kampe p\u00e5 banen.<\/p><p>Cavens dartrejse begyndte i starten af 1990&#8217;erne, og han gjorde hurtigt opm\u00e6rksom p\u00e5 sig selv p\u00e5 den britiske dartscene. Kendt for sine konstante pr\u00e6stationer og pr\u00e6cise kast har han f\u00e5et k\u00e6lenavnet &#8220;Jabba.&#8221; Hans rolige optr\u00e6den og gentlemanagtige opf\u00f8rsel b\u00e5de p\u00e5 og uden for scenen har gjort ham popul\u00e6r blandt b\u00e5de fans og medspillere.<\/p><p>En af Jamie Cavens karriereh\u00f8jdepunkter kom i 2008, da han n\u00e5ede semifinalen i PDC World Darts Championship og dermed cementerede sin status som en formidable konkurrent. Gennem \u00e5rene har han konsekvent rangeret blandt de bedste spillere i PDC-ranglisten.<\/p><p>Ud over sin spillerkarriere har Caven ogs\u00e5 v\u00e6ret en inspirationskilde for aspirerende dartspillere ved at tilbyde tr\u00e6ning og dele sin omfattende erfaring. Hans passion for sporten har gjort ham til en respekteret figur i dartssamfundet.<\/p><p>Selvom han m\u00e5ske ikke altid stj\u00e6ler overskrifterne, har Jamie Cavens bidrag til dartens verden efterladt et uudsletteligt pr\u00e6g. Hans urokkelige engagement og sportsmanship forts\u00e6tter med at tjene ham respekt og anerkendelse blandt fans og medspillere.<\/p><figure class=\"wp-block-gallery has-nested-images columns-default is-cropped wp-block-gallery-1 is-layout-flex wp-block-gallery-is-layout-flex\"><figure class=\"wp-block-image size-large\"><img loading=\"lazy\" decoding=\"async\" width=\"837\" height=\"543\" data-id=\"422\" src=\"https:\/\/iycdenmark.dk\/wp-content\/uploads\/2024\/02\/8ff5639b-dff8-4812-a761-0afcf67af9ae.jpg\" alt=\"\" class=\"wp-image-422\" srcset=\"https:\/\/iycdenmark.dk\/wp-content\/uploads\/2024\/02\/8ff5639b-dff8-4812-a761-0afcf67af9ae.jpg 837w, https:\/\/iycdenmark.dk\/wp-content\/uploads\/2024\/02\/8ff5639b-dff8-4812-a761-0afcf67af9ae-300x195.jpg 300w, https:\/\/iycdenmark.dk\/wp-content\/uploads\/2024\/02\/8ff5639b-dff8-4812-a761-0afcf67af9ae-768x498.jpg 768w, https:\/\/iycdenmark.dk\/wp-content\/uploads\/2024\/02\/8ff5639b-dff8-4812-a761-0afcf67af9ae-570x370.jpg 570w, https:\/\/iycdenmark.dk\/wp-content\/uploads\/2024\/02\/8ff5639b-dff8-4812-a761-0afcf67af9ae-600x389.jpg 600w\" sizes=\"auto, (max-width: 837px) 100vw, 837px\" \/><\/figure>\n\n<figure class=\"wp-block-image size-large\"><img loading=\"lazy\" decoding=\"async\" width=\"828\" height=\"811\" data-id=\"425\" src=\"https:\/\/iycdenmark.dk\/wp-content\/uploads\/2024\/02\/IMG_5103.jpg\" alt=\"\" class=\"wp-image-425\" srcset=\"https:\/\/iycdenmark.dk\/wp-content\/uploads\/2024\/02\/IMG_5103.jpg 828w, https:\/\/iycdenmark.dk\/wp-content\/uploads\/2024\/02\/IMG_5103-300x294.jpg 300w, https:\/\/iycdenmark.dk\/wp-content\/uploads\/2024\/02\/IMG_5103-768x752.jpg 768w, https:\/\/iycdenmark.dk\/wp-content\/uploads\/2024\/02\/IMG_5103-570x558.jpg 570w, https:\/\/iycdenmark.dk\/wp-content\/uploads\/2024\/02\/IMG_5103-600x588.jpg 600w\" sizes=\"auto, (max-width: 828px) 100vw, 828px\" \/><\/figure>\n\n<figure class=\"wp-block-image size-large\"><img loading=\"lazy\" decoding=\"async\" width=\"1024\" height=\"563\" data-id=\"434\" src=\"https:\/\/iycdenmark.dk\/wp-content\/uploads\/2024\/02\/IMG_5101-1024x563.jpg\" alt=\"\" class=\"wp-image-434\" srcset=\"https:\/\/iycdenmark.dk\/wp-content\/uploads\/2024\/02\/IMG_5101-1024x563.jpg 1024w, https:\/\/iycdenmark.dk\/wp-content\/uploads\/2024\/02\/IMG_5101-300x165.jpg 300w, https:\/\/iycdenmark.dk\/wp-content\/uploads\/2024\/02\/IMG_5101-768x422.jpg 768w, https:\/\/iycdenmark.dk\/wp-content\/uploads\/2024\/02\/IMG_5101-570x313.jpg 570w, https:\/\/iycdenmark.dk\/wp-content\/uploads\/2024\/02\/IMG_5101-600x330.jpg 600w, https:\/\/iycdenmark.dk\/wp-content\/uploads\/2024\/02\/IMG_5101.jpg 1106w\" sizes=\"auto, (max-width: 1024px) 100vw, 1024px\" \/><\/figure><\/figure>","protected":false},"excerpt":{"rendered":"<p>Jamie Caven er en garvet skikkelse inden for verden af professionel dart og fejres for sin vedvarende tilstedev\u00e6relse og dedikation til sporten. F\u00f8dt den 15. april 1976 i Leicester, England, har han skrevet sit navn i dartens historieb\u00f8ger gennem \u00e5rtiers h\u00e5rdt tilk\u00e6mpede kampe p\u00e5 banen. Cavens dartrejse begyndte i starten af 1990&#8217;erne, og han gjorde [&hellip;]<\/p>\n","protected":false},"author":1,"featured_media":0,"parent":0,"menu_order":0,"comment_status":"closed","ping_status":"closed","template":"","meta":{"footnotes":""},"class_list":["post-337","page","type-page","status-publish","czr-hentry"],"_links":{"self":[{"href":"https:\/\/iycdenmark.dk\/da\/wp-json\/wp\/v2\/pages\/337","targetHints":{"allow":["GET"]}}],"collection":[{"href":"https:\/\/iycdenmark.dk\/da\/wp-json\/wp\/v2\/pages"}],"about":[{"href":"https:\/\/iycdenmark.dk\/da\/wp-json\/wp\/v2\/types\/page"}],"author":[{"embeddable":true,"href":"https:\/\/iycdenmark.dk\/da\/wp-json\/wp\/v2\/users\/1"}],"replies":[{"embeddable":true,"href":"https:\/\/iycdenmark.dk\/da\/wp-json\/wp\/v2\/comments?post=337"}],"version-history":[{"count":0,"href":"https:\/\/iycdenmark.dk\/da\/wp-json\/wp\/v2\/pages\/337\/revisions"}],"wp:attachment":[{"href":"https:\/\/iycdenmark.dk\/da\/wp-json\/wp\/v2\/media?parent=337"}],"curies":[{"name":"wp","href":"https:\/\/api.w.org\/{rel}","templated":true}]}}