{"id":36,"date":"2024-02-01T12:12:44","date_gmt":"2024-02-01T11:12:44","guid":{"rendered":"https:\/\/iycdenmark.dk\/international-youth-challenge-iyc-u18-i-danmark\/"},"modified":"2025-02-11T15:31:39","modified_gmt":"2025-02-11T14:31:39","slug":"iyc-u18-i-danmark","status":"publish","type":"page","link":"https:\/\/iycdenmark.dk\/da\/iyc-u18-i-danmark\/","title":{"rendered":"IYC &#8211; U18 i Danmark"},"content":{"rendered":"<p>G\u00f8r dig klar til et ekstraordin\u00e6rt sportsarrangement, n\u00e5r International Youth Challenge (IYC) &#8211; U18 kommer til Danmark! S\u00e6t kryds i kalenderen den 2. og 3. august, hvor vi samler unge talenter fra hele verden p\u00e5 MAGION, Grindsted til to sp\u00e6ndende dage med konkurrence.<\/p><p><strong>Arrangementsdetaljer:<\/strong><\/p><ul class=\"wp-block-list\"><li><strong>Dato:<\/strong> 2. og 3. august 2025<\/li>\n\n<li><strong>Sted:<\/strong> MAGION, Grinsted, Danmark<\/li><\/ul><p>Men det er ikke alt! Fredagen f\u00f8r arrangementet har vi en s\u00e6rlig overraskelse til alle deltagerne. Vi arrangerer en sjov og social tur til det ikoniske Legoland Billund, hvor du kan nyde forlystelserne i denne verdenskendte forlystelsespark.<\/p><p><strong>Alderskrav:<\/strong> Deltagere i U18-kategorien skal v\u00e6re f\u00f8dt den 01.01.2007 eller senere.<\/p><p>For detaljerede oplysninger om turneringsregler og -bestemmelser, skal du klikke <a href=\"https:\/\/dartswdf.com\/storage\/uploads\/fb05b306-c92c-4f08-b512-affb092a1b3d\/2019-10-07_WDF_International_Youth_Challenge_Rules_rev_1.pdf\" target=\"_blank\" rel=\"noopener\">her<\/a>.<\/p><p>F\u00f8lg med for yderligere opdateringer og information om arrangementet, og g\u00f8r dig klar til at blive en del af denne fantastiske sportsoplevelse.<\/p><p>Kom og v\u00e6r med til nogle mindev\u00e6rdige dage fyldt med ungdommelig energi, internationalt sportskammeratskab og en sp\u00e6ndende social tur ved International Youth Challenge (IYC) &#8211; U18 i Billund, Danmark!<\/p><p><strong>Hvis du registrere dig til IYC &#8211; Alt inkluderet, s\u00e5 er det med overnatning p\u00e5 skolen ved siden af spillested, der er luftmadrasser og soveposer. <br>Det er ligeledes med morgenmad, frokost og aftensmad. <br>Prisen d\u00e6kker ogs\u00e5 deltagelse i f\u00e6llestur fredag.<\/strong><\/p><p><strong>Hvis man \u00f8nsker at bo p\u00e5 hotel, s\u00e5 kan man registrerer til IYC U18 eller IYC U23 i stedet, hvor der ikke er overnatning p\u00e5 skolen og mad med i prisen. <\/strong><\/p><div data-block-name=\"woocommerce\/product-category\" data-categories=\"[37]\" data-content-visibility=\"{&quot;image&quot;:true,&quot;title&quot;:true,&quot;price&quot;:true,&quot;rating&quot;:false,&quot;button&quot;:true}\" data-orderby=\"title\" class=\"wc-block-grid wp-block-product-category wp-block-woocommerce-product-category wc-block-product-category has-3-columns has-multiple-rows\"><ul class=\"wc-block-grid__products\"><li class=\"wc-block-grid__product\">\n\t\t\t\t<a href=\"https:\/\/iycdenmark.dk\/da\/vare\/iyc-alt-inkluderet\/\" class=\"wc-block-grid__product-link\">\n\t\t\t\t\t\n\t\t\t\t\t<div class=\"wc-block-grid__product-image\"><img loading=\"lazy\" decoding=\"async\" width=\"300\" height=\"300\" src=\"https:\/\/iycdenmark.dk\/wp-content\/uploads\/2024\/02\/IYCDenmark-300x300.png\" class=\"attachment-woocommerce_thumbnail size-woocommerce_thumbnail no-lazy\" alt=\"IYC - Alt inkluderet\" srcset=\"https:\/\/iycdenmark.dk\/wp-content\/uploads\/2024\/02\/IYCDenmark-300x300.png 300w, https:\/\/iycdenmark.dk\/wp-content\/uploads\/2024\/02\/IYCDenmark-100x100.png 100w, https:\/\/iycdenmark.dk\/wp-content\/uploads\/2024\/02\/IYCDenmark-600x598.png 600w, https:\/\/iycdenmark.dk\/wp-content\/uploads\/2024\/02\/IYCDenmark-1024x1020.png 1024w, https:\/\/iycdenmark.dk\/wp-content\/uploads\/2024\/02\/IYCDenmark-150x150.png 150w, https:\/\/iycdenmark.dk\/wp-content\/uploads\/2024\/02\/IYCDenmark-768x765.png 768w, https:\/\/iycdenmark.dk\/wp-content\/uploads\/2024\/02\/IYCDenmark-1536x1531.png 1536w, https:\/\/iycdenmark.dk\/wp-content\/uploads\/2024\/02\/IYCDenmark-2048x2041.png 2048w, https:\/\/iycdenmark.dk\/wp-content\/uploads\/2024\/02\/IYCDenmark-570x568.png 570w, https:\/\/iycdenmark.dk\/wp-content\/uploads\/2024\/02\/IYCDenmark-510x510.png 510w, https:\/\/iycdenmark.dk\/wp-content\/uploads\/2024\/02\/IYCDenmark.png 1600w\" sizes=\"auto, (max-width: 300px) 100vw, 300px\" \/><\/div>\n\t\t\t\t\t<div class=\"wc-block-grid__product-title\">IYC &#8211; Alt inkluderet<\/div>\n\t\t\t\t<\/a>\n\t\t\t\t<div class=\"wc-block-grid__product-price price\"><span class=\"woocommerce-Price-amount amount\">1 012,50&nbsp;<span class=\"woocommerce-Price-currencySymbol\">kr.<\/span><\/span><\/div>\n\t\t\t\t\n\t\t\t\t<div class=\"wp-block-button wc-block-grid__product-add-to-cart\"><a href=\"https:\/\/iycdenmark.dk\/da\/vare\/iyc-alt-inkluderet\/\" aria-label=\"Add to cart: &ldquo;IYC - Alt inkluderet&rdquo;\" data-quantity=\"1\" data-product_id=\"159\" data-product_sku=\"\" data-price=\"1012.5\" rel=\"nofollow\" class=\"wp-block-button__link  add_to_cart_button\">Registrer<\/a><\/div>\n\t\t\t<\/li><li class=\"wc-block-grid__product\">\n\t\t\t\t<a href=\"https:\/\/iycdenmark.dk\/da\/vare\/iyc-u18\/\" class=\"wc-block-grid__product-link\">\n\t\t\t\t\t\n\t\t\t\t\t<div class=\"wc-block-grid__product-image\"><img loading=\"lazy\" decoding=\"async\" width=\"300\" height=\"300\" src=\"https:\/\/iycdenmark.dk\/wp-content\/uploads\/2024\/02\/IYCDenmark-300x300.png\" class=\"attachment-woocommerce_thumbnail size-woocommerce_thumbnail no-lazy\" alt=\"IYC U18\" srcset=\"https:\/\/iycdenmark.dk\/wp-content\/uploads\/2024\/02\/IYCDenmark-300x300.png 300w, https:\/\/iycdenmark.dk\/wp-content\/uploads\/2024\/02\/IYCDenmark-100x100.png 100w, https:\/\/iycdenmark.dk\/wp-content\/uploads\/2024\/02\/IYCDenmark-600x598.png 600w, https:\/\/iycdenmark.dk\/wp-content\/uploads\/2024\/02\/IYCDenmark-1024x1020.png 1024w, https:\/\/iycdenmark.dk\/wp-content\/uploads\/2024\/02\/IYCDenmark-150x150.png 150w, https:\/\/iycdenmark.dk\/wp-content\/uploads\/2024\/02\/IYCDenmark-768x765.png 768w, https:\/\/iycdenmark.dk\/wp-content\/uploads\/2024\/02\/IYCDenmark-1536x1531.png 1536w, https:\/\/iycdenmark.dk\/wp-content\/uploads\/2024\/02\/IYCDenmark-2048x2041.png 2048w, https:\/\/iycdenmark.dk\/wp-content\/uploads\/2024\/02\/IYCDenmark-570x568.png 570w, https:\/\/iycdenmark.dk\/wp-content\/uploads\/2024\/02\/IYCDenmark-510x510.png 510w, https:\/\/iycdenmark.dk\/wp-content\/uploads\/2024\/02\/IYCDenmark.png 1600w\" sizes=\"auto, (max-width: 300px) 100vw, 300px\" \/><\/div>\n\t\t\t\t\t<div class=\"wc-block-grid__product-title\">IYC U18<\/div>\n\t\t\t\t<\/a>\n\t\t\t\t<div class=\"wc-block-grid__product-price price\"><span class=\"woocommerce-Price-amount amount\">0,00&nbsp;<span class=\"woocommerce-Price-currencySymbol\">kr.<\/span><\/span><\/div>\n\t\t\t\t\n\t\t\t\t<div class=\"wp-block-button wc-block-grid__product-add-to-cart\"><a href=\"https:\/\/iycdenmark.dk\/da\/vare\/iyc-u18\/\" aria-label=\"Add to cart: &ldquo;IYC - Alt inkluderet&rdquo;\" data-quantity=\"1\" data-product_id=\"161\" data-product_sku=\"\" data-price=\"0\" rel=\"nofollow\" class=\"wp-block-button__link  add_to_cart_button\">Registrer<\/a><\/div>\n\t\t\t<\/li><li class=\"wc-block-grid__product\">\n\t\t\t\t<a href=\"https:\/\/iycdenmark.dk\/da\/vare\/iyc-u23\/\" class=\"wc-block-grid__product-link\">\n\t\t\t\t\t\n\t\t\t\t\t<div class=\"wc-block-grid__product-image\"><img loading=\"lazy\" decoding=\"async\" width=\"300\" height=\"300\" src=\"https:\/\/iycdenmark.dk\/wp-content\/uploads\/2024\/02\/IYCDenmark-300x300.png\" class=\"attachment-woocommerce_thumbnail size-woocommerce_thumbnail no-lazy\" alt=\"IYC U23\" srcset=\"https:\/\/iycdenmark.dk\/wp-content\/uploads\/2024\/02\/IYCDenmark-300x300.png 300w, https:\/\/iycdenmark.dk\/wp-content\/uploads\/2024\/02\/IYCDenmark-100x100.png 100w, https:\/\/iycdenmark.dk\/wp-content\/uploads\/2024\/02\/IYCDenmark-600x598.png 600w, https:\/\/iycdenmark.dk\/wp-content\/uploads\/2024\/02\/IYCDenmark-1024x1020.png 1024w, https:\/\/iycdenmark.dk\/wp-content\/uploads\/2024\/02\/IYCDenmark-150x150.png 150w, https:\/\/iycdenmark.dk\/wp-content\/uploads\/2024\/02\/IYCDenmark-768x765.png 768w, https:\/\/iycdenmark.dk\/wp-content\/uploads\/2024\/02\/IYCDenmark-1536x1531.png 1536w, https:\/\/iycdenmark.dk\/wp-content\/uploads\/2024\/02\/IYCDenmark-2048x2041.png 2048w, https:\/\/iycdenmark.dk\/wp-content\/uploads\/2024\/02\/IYCDenmark-570x568.png 570w, https:\/\/iycdenmark.dk\/wp-content\/uploads\/2024\/02\/IYCDenmark-510x510.png 510w, https:\/\/iycdenmark.dk\/wp-content\/uploads\/2024\/02\/IYCDenmark.png 1600w\" sizes=\"auto, (max-width: 300px) 100vw, 300px\" \/><\/div>\n\t\t\t\t\t<div class=\"wc-block-grid__product-title\">IYC U23<\/div>\n\t\t\t\t<\/a>\n\t\t\t\t<div class=\"wc-block-grid__product-price price\"><span class=\"woocommerce-Price-amount amount\">0,00&nbsp;<span class=\"woocommerce-Price-currencySymbol\">kr.<\/span><\/span><\/div>\n\t\t\t\t\n\t\t\t\t<div class=\"wp-block-button wc-block-grid__product-add-to-cart\"><a href=\"https:\/\/iycdenmark.dk\/da\/vare\/iyc-u23\/\" aria-label=\"Add to cart: &ldquo;IYC - Alt inkluderet&rdquo;\" data-quantity=\"1\" data-product_id=\"163\" data-product_sku=\"\" data-price=\"0\" rel=\"nofollow\" class=\"wp-block-button__link  add_to_cart_button\">Registrer<\/a><\/div>\n\t\t\t<\/li><\/ul><\/div>","protected":false},"excerpt":{"rendered":"<p>G\u00f8r dig klar til et ekstraordin\u00e6rt sportsarrangement, n\u00e5r International Youth Challenge (IYC) &#8211; U18 kommer til Danmark! S\u00e6t kryds i kalenderen den 2. og 3. august, hvor vi samler unge talenter fra hele verden p\u00e5 MAGION, Grindsted til to sp\u00e6ndende dage med konkurrence. Arrangementsdetaljer: Men det er ikke alt! Fredagen f\u00f8r arrangementet har vi en [&hellip;]<\/p>\n","protected":false},"author":1,"featured_media":123,"parent":0,"menu_order":0,"comment_status":"closed","ping_status":"closed","template":"","meta":{"footnotes":""},"class_list":["post-36","page","type-page","status-publish","has-post-thumbnail","czr-hentry"],"_links":{"self":[{"href":"https:\/\/iycdenmark.dk\/da\/wp-json\/wp\/v2\/pages\/36","targetHints":{"allow":["GET"]}}],"collection":[{"href":"https:\/\/iycdenmark.dk\/da\/wp-json\/wp\/v2\/pages"}],"about":[{"href":"https:\/\/iycdenmark.dk\/da\/wp-json\/wp\/v2\/types\/page"}],"author":[{"embeddable":true,"href":"https:\/\/iycdenmark.dk\/da\/wp-json\/wp\/v2\/users\/1"}],"replies":[{"embeddable":true,"href":"https:\/\/iycdenmark.dk\/da\/wp-json\/wp\/v2\/comments?post=36"}],"version-history":[{"count":5,"href":"https:\/\/iycdenmark.dk\/da\/wp-json\/wp\/v2\/pages\/36\/revisions"}],"predecessor-version":[{"id":1020,"href":"https:\/\/iycdenmark.dk\/da\/wp-json\/wp\/v2\/pages\/36\/revisions\/1020"}],"wp:featuredmedia":[{"embeddable":true,"href":"https:\/\/iycdenmark.dk\/da\/wp-json\/wp\/v2\/media\/123"}],"wp:attachment":[{"href":"https:\/\/iycdenmark.dk\/da\/wp-json\/wp\/v2\/media?parent=36"}],"curies":[{"name":"wp","href":"https:\/\/api.w.org\/{rel}","templated":true}]}}