{"id":566,"date":"2024-02-11T00:34:40","date_gmt":"2024-02-10T23:34:40","guid":{"rendered":"https:\/\/iycdenmark.dk\/?page_id=566"},"modified":"2024-02-11T00:36:37","modified_gmt":"2024-02-10T23:36:37","slug":"handelsbetingelser","status":"publish","type":"page","link":"https:\/\/iycdenmark.dk\/da\/handelsbetingelser\/","title":{"rendered":"Handelsbetingelser"},"content":{"rendered":"<h2 class=\"wp-block-heading\">Generelle oplysninger&nbsp;<\/h2><p>DANSK DART UNION<br>Br\u00f8ndby Stadion 20<br>2605 Br\u00f8ndby<br>CVR nr.:&nbsp;90406450<br>Telefon:&nbsp;62656120<br>Email:&nbsp;<span \n                data-original-string=\"4bXxw\/wed3QcrW6nUo1d2Q==c99LShMqzOcryb6NpaAOScz4Hd4rkreyORkv9xcuTumuhs=\"\n                class=\"apbct-email-encoder\"\n                title=\"This contact has been encoded by Anti-Spam by CleanTalk. Click to decode. To finish the decoding make sure that JavaScript is enabled in your browser.\">in<span class=\"apbct-blur\">**@da******.<\/span>dk<\/span><\/p><h2 class=\"wp-block-heading\">Priser<\/h2><p>Hos\u00a0DANSK DART UNION\u00a0er alle priserne i euro. Vi forbeholder os ret til fra dag til dag at \u00e6ndre i priserne uden forudg\u00e5ende samtykke. Der tages forbehold for udsolgte varer.<\/p><h2 class=\"wp-block-heading\">Betaling<\/h2><p>DANSK DART UNION\u00a0modtager betaling med\u00a0VISA, VISA Electron, Mastercard, MobilePay. Betalingen vil f\u00f8rst blive trukket p\u00e5 din konto, n\u00e5r varen afsendes. Alle bel\u00f8b er i EUR. Der tages forbehold for prisfejl og udsolgte\/udg\u00e5ede varer.<\/p><h2 class=\"wp-block-heading\">Levering<\/h2><p>Efter modtaget betaling vil du modtage bekr\u00e6ftelse p\u00e5 mail, som er din endelige bekr\u00e6ftelse for tilmeldingen er registreret.<\/p><h2 class=\"wp-block-heading\">Reklamationsret<\/h2><p>Der gives 2 \u00e5rs reklamationsret i henhold til k\u00f8beloven. Vores reklamationsret g\u00e6lder for fejl i materiale og\/eller fabrikation. Du kan f\u00e5 varen repareret, ombyttet, pengene retur eller afslag i prisen, afh\u00e6ngig af den konkrete situation. Reklamationen g\u00e6lder ikke fejl eller skader beg\u00e5et ved forkert h\u00e5ndtering af produktet\/ydelsen. Du skal reklamere i &#8220;rimelig tid&#8221; efter du har opdaget manglen\/fejlen.&nbsp;DANSK DART UNION&nbsp;vil d\u00e6kke returneringsomkostninger i et rimeligt omfang.<br><br>Ved returnering, reklamationer og benyttelse af fortrydelsesretten sendes til:&nbsp;<br>DANSK DART UNION<br>Br\u00f8ndby Stadion 20<br>2605 Br\u00f8ndby<br>Der modtages ikke forsendelser pr. efterkrav.<\/p><h2 class=\"wp-block-heading\">Refusion<\/h2><p>Hvis der er tale om refusion, bedes du medsende bankoplysninger i form af regnr og kontonr, s\u00e5 det aftalte bel\u00f8b kan overf\u00f8res. Disse oplysninger kan uden risiko oplyses pr. mail eller anden elektronisk form, da det ikke er f\u00f8lsomme oplysninger og kun vil blive anvendt til vores opfyldelse af refusionen.<\/p><h2 class=\"wp-block-heading\">Fortrydelsesret<\/h2><p>Der gives 14 dages fuld returret p\u00e5 varer k\u00f8bt i vores webshop.<\/p><p>K\u00f8b af billetter til event eller eventrelaterede till\u00e6gsprodukter s\u00e5som madbilletter, overnatning, transport mm. er i henhold til &#8211; &#8220;Lov om visse forbrugsaftaler &#8211; \u00a717 stk. 2 og \u00a79 stk. 2 nr. 2a&#8221; \u2013 ikke omfattet af fortrydelsesret. S\u00e5fremt et arrangement aflyses refunderes billetten naturligvis, og bel\u00f8bet bliver automatisk tilbagef\u00f8rt p\u00e5 den trukne betalingskonto. Gebyrer refunderes ikke.<br>Perioden regnes fra den dag;&nbsp;<br>&#8211; Hvor du modtager ordren.<br>&#8211; F\u00e5r den sidste vare i fysisk besiddelse, n\u00e5r det drejer sig om en aftale om flere forskellige varer, bestilt i \u00e9n ordre, men leveres enkeltvis eller af flere omgange.<br>&#8211; F\u00e5r det sidste parti, eller sidste del i fysisk besiddelse, n\u00e5r det drejer sig om aftale af levering af varer der best\u00e5r af flere partier\/dele.<br>&#8211; Den f\u00f8rste vare i fysisk besiddelse, n\u00e5r det drejer sig om regelm\u00e6ssig levering af varer over en bestemt periode.<br>Returneringsomkostninger skal du selv afholde.<br>Fortrydelse skal anmeldes til os senest 14 efter k\u00f8bet og fra fortrydelsen skal I senest 14 dage efter returnere forsendelsen. Meddelelsen skal gives pr. mail p\u00e5&nbsp;<span \n                data-original-string=\"yY6nVzhraIxVwSTR0thLZQ==c99spH6pjJn0Y0SvhUsQpoBzEZEk+hhlNiqs4lDtApa74c=\"\n                class=\"apbct-email-encoder\"\n                title=\"This contact has been encoded by Anti-Spam by CleanTalk. Click to decode. To finish the decoding make sure that JavaScript is enabled in your browser.\">in<span class=\"apbct-blur\">**@da******.<\/span>dk<\/span>. I meddelelsen skal du g\u00f8re tydeligt opm\u00e6rksom p\u00e5, at du \u00f8nsker at benytte din fortrydelsesret. \u00d8nsker du at sende varen retur til os, skal du udfylde den vedlagte Returseddel og sende varen til:<br>DANSK DART UNION<br>Br\u00f8ndby Stadion 20<br>2605 Br\u00f8ndby<\/p><p>Du kan ikke fortryde ved blot at n\u00e6gte modtagelse af varen, uden samtidig at give tydelig meddelelse herom.<\/p><h4 class=\"wp-block-heading\">Varer undtaget fortrydelsesretten<\/h4><p>F\u00f8lgende varetyper indg\u00e5r ikke i fortrydelsesretten:<br>&#8211; Varer, som er fremstillet efter forbrugerens specifikationer eller har f\u00e5et et tydeligt personligt pr\u00e6g.<br>&#8211; Forseglede varer, som af sundhedsbeskyttelses- eller hygiejnem\u00e6ssige \u00e5rsager ikke er egnet til at blive returneret, og hvor forseglingen er brudt efter leveringen.<br>&#8211; Varer, der grundet sin art bliver ul\u00f8seligt blandet sammen med andre ved levering.<br>&#8211; Varer, hvor plomberingen er brudt.<br>&#8211; Udf\u00f8rte ikke-finansielle tjenesteydelser, hvis levering af tjenesteydelsen er p\u00e5begyndt med forbrugerens forudg\u00e5ende udtrykkelige samtykke og anderkendelse af, at fortrydelsesretten oph\u00f8rer, n\u00e5r tjenesteydelsen er fuldt udf\u00f8rt.<br>&#8211; Levering af digitalt indhold, som ikke leveres p\u00e5 et fysisk medium, hvis udf\u00f8relsen er p\u00e5begyndt med forbrugerens forudg\u00e5ende udtrykkelige samtykke og anerkendelse heraf, at vedkommende dermed mister sin fortrydelsesret.<br>&#8211; Aviser, tidskrifter eller magasiner dog undtaget abonnementsaftaler for s\u00e5danne publikationer.<br>&#8211; Aftaler indg\u00e5et p\u00e5 offentlig auktion.<br>&#8211; Varer, der forringes eller for\u00e6ldes hurtigt.- Billetter eller event relaterede produkter s\u00e5som madbilletter, booking af transport eller overnatning mm.<\/p><h4 class=\"wp-block-heading\">Returnering<\/h4><p>Du skal sende din ordre retur uden un\u00f8dig forsinkelse og senest 14 dage efter, at du har gjort brug af din fortrydelsesret. Du skal afholde de direkte udgifter i forbindelse med returnering. Ved returnering er du ansvarlig for, at varen er pakket ordentligt ind. Du skal vedl\u00e6gge en kopi af ordrebekr\u00e6ftelsen. Ekspeditionen g\u00e5r hurtigere, hvis du ligeledes udfylder og vedl\u00e6gger vores Fortrydelsesformular.<br>Du b\u00e6rer risikoen for varen fra tidspunktet for varens levering og til, vi har modtaget den retur.&nbsp;<br>Vi modtager ikke pakker sendt pr. efterkrav.<\/p><h4 class=\"wp-block-heading\">Varens stand ved returnering<\/h4><p>Du h\u00e6fter kun for eventuel forringelse af varens v\u00e6rdi, som skyldes anden h\u00e5ndtering, end hvad der er n\u00f8dvendigt for at fastsl\u00e5 varens art, egenskaber og den m\u00e5de, hvorp\u00e5 den fungerer. Du kan med andre ord pr\u00f8ve varen, som hvis du pr\u00f8vede den i en fysisk butik.<\/p><p>Hvis varen er pr\u00f8vet udover, det ovenfor beskrevet, betragtes den som brugt. Hvilket betyder, at du ved fortrydelse af k\u00f8bet kun f\u00e5r en del eller intet af k\u00f8bsbel\u00f8bet retur, afh\u00e6ngig af varens handelsm\u00e6ssige v\u00e6rdi p\u00e5 modtagelsestidspunktet &#8211; af returneringen. For at modtage hele k\u00f8bsbel\u00f8bet retur m\u00e5 du alts\u00e5 afpr\u00f8ve varen uden egentlig at tage den i brug.<\/p><h4 class=\"wp-block-heading\">Tilbagebetaling<\/h4><p>Fortryder du dit k\u00f8b, f\u00e5r du naturligvis det bel\u00f8b du har indbetalt til os retur.<br>I tilf\u00e6lde af en v\u00e6rdiforringelse, som du h\u00e6fter for, fratr\u00e6kkes denne k\u00f8bs-bel\u00f8bet.<br>Ved anvendelse af fortrydelsesretten, refunderes alle betalinger modtaget fra dig, herunder leveringsomkostninger (undtaget ekstra omkostninger som f\u00f8lge af dit valg af en anden leveringsform end den billigste form for standardlevering, som vi tilbyder), uden un\u00f8dig forsinkelse og senest 14 dage fra den dato, hvor vi har modtaget meddelelse om din beslutning om at g\u00f8re brug af fortrydelsesretten. Tilbagebetaling gennemf\u00f8res med samme betalingsmiddel, som du benyttede ved den oprindelige transaktion, medmindre du udtrykkeligt har indvilget i noget andet.&nbsp;<br>Vi kan tilbageholde bel\u00f8bsrefunderingen, indtil vi har modtaget varen retur, med mindre du inden da har fremlagt dokumentation for at have returneret den.<\/p><p><\/p>","protected":false},"excerpt":{"rendered":"<p>Generelle oplysninger&nbsp; DANSK DART UNIONBr\u00f8ndby Stadion 202605 Br\u00f8ndbyCVR nr.:&nbsp;90406450Telefon:&nbsp;62656120Email:&nbsp;in**@da******.dk Priser Hos\u00a0DANSK DART UNION\u00a0er alle priserne i euro. Vi forbeholder os ret til fra dag til dag at \u00e6ndre i priserne uden forudg\u00e5ende samtykke. Der tages forbehold for udsolgte varer. Betaling DANSK DART UNION\u00a0modtager betaling med\u00a0VISA, VISA Electron, Mastercard, MobilePay. Betalingen vil f\u00f8rst blive trukket p\u00e5 [&hellip;]<\/p>\n","protected":false},"author":1,"featured_media":0,"parent":0,"menu_order":0,"comment_status":"closed","ping_status":"closed","template":"","meta":{"footnotes":""},"class_list":["post-566","page","type-page","status-publish","czr-hentry"],"_links":{"self":[{"href":"https:\/\/iycdenmark.dk\/da\/wp-json\/wp\/v2\/pages\/566","targetHints":{"allow":["GET"]}}],"collection":[{"href":"https:\/\/iycdenmark.dk\/da\/wp-json\/wp\/v2\/pages"}],"about":[{"href":"https:\/\/iycdenmark.dk\/da\/wp-json\/wp\/v2\/types\/page"}],"author":[{"embeddable":true,"href":"https:\/\/iycdenmark.dk\/da\/wp-json\/wp\/v2\/users\/1"}],"replies":[{"embeddable":true,"href":"https:\/\/iycdenmark.dk\/da\/wp-json\/wp\/v2\/comments?post=566"}],"version-history":[{"count":0,"href":"https:\/\/iycdenmark.dk\/da\/wp-json\/wp\/v2\/pages\/566\/revisions"}],"wp:attachment":[{"href":"https:\/\/iycdenmark.dk\/da\/wp-json\/wp\/v2\/media?parent=566"}],"curies":[{"name":"wp","href":"https:\/\/api.w.org\/{rel}","templated":true}]}}