{"id":58,"date":"2024-02-02T14:31:45","date_gmt":"2024-02-02T13:31:45","guid":{"rendered":"https:\/\/iycdenmark.dk\/?page_id=58"},"modified":"2026-03-22T12:33:27","modified_gmt":"2026-03-22T11:33:27","slug":"overnatning-og-spillested","status":"publish","type":"page","link":"https:\/\/iycdenmark.dk\/da\/overnatning-og-spillested\/","title":{"rendered":"Overnatning og Spillested"},"content":{"rendered":"<div class=\"wp-block-image\"><figure class=\"alignright size-full is-resized\"><img loading=\"lazy\" decoding=\"async\" width=\"1022\" height=\"561\" src=\"https:\/\/iycdenmark.dk\/wp-content\/uploads\/2024\/02\/billundidraetscenter.png\" alt=\"\" class=\"wp-image-111\" style=\"width:370px;height:auto\" srcset=\"https:\/\/iycdenmark.dk\/wp-content\/uploads\/2024\/02\/billundidraetscenter.png 1022w, https:\/\/iycdenmark.dk\/wp-content\/uploads\/2024\/02\/billundidraetscenter-600x329.png 600w, https:\/\/iycdenmark.dk\/wp-content\/uploads\/2024\/02\/billundidraetscenter-300x165.png 300w, https:\/\/iycdenmark.dk\/wp-content\/uploads\/2024\/02\/billundidraetscenter-768x422.png 768w, https:\/\/iycdenmark.dk\/wp-content\/uploads\/2024\/02\/billundidraetscenter-570x313.png 570w\" sizes=\"auto, (max-width: 1022px) 100vw, 1022px\" \/><\/figure><\/div><p>Dartskolen og det efterf\u00f8lgende IYC-event afholdes p\u00e5 MAGION. For de deltagere, der har brug for overnatning, tilbyder vi indkvartering, hvor luftmadrasser og soveposer vil blive stillet til r\u00e5dighed for alle.<\/p><p>Ankomst for dartskolens deltagere begynder fra s\u00f8ndag den 26. juli. Vi s\u00f8rger for et behageligt ophold, hvor du kan fokusere p\u00e5 din tr\u00e6ning og konkurrence.<\/p><p>Deltagelse koster 2437.5 kr pr. person, og dette inkluderer overnatning samt morgenmad, frokost og aftensmad. Vi \u00f8nsker at sikre, at du har alle de n\u00f8dvendige faciliteter for at nyde din tid p\u00e5 vores arrangement fuldt ud.<\/p><p><a href=\"https:\/\/iycdenmark.dk\/da\/vare\/dartskole-og-iyc-1-uge\/\" data-type=\"product\" data-id=\"156\">Tilmeld dig \u00e5rets dartskole og IYC-event her<\/a>. Vi ser frem til at byde dig velkommen til en uforglemmelig oplevelse i dartverdenen!<\/p>","protected":false},"excerpt":{"rendered":"<p>Dartskolen og det efterf\u00f8lgende IYC-event afholdes p\u00e5 MAGION. For de deltagere, der har brug for overnatning, tilbyder vi indkvartering, hvor luftmadrasser og soveposer vil blive stillet til r\u00e5dighed for alle. Ankomst for dartskolens deltagere begynder fra s\u00f8ndag den 26. juli. Vi s\u00f8rger for et behageligt ophold, hvor du kan fokusere p\u00e5 din tr\u00e6ning og konkurrence. [&hellip;]<\/p>\n","protected":false},"author":1,"featured_media":0,"parent":0,"menu_order":0,"comment_status":"closed","ping_status":"closed","template":"","meta":{"footnotes":""},"class_list":["post-58","page","type-page","status-publish","czr-hentry"],"_links":{"self":[{"href":"https:\/\/iycdenmark.dk\/da\/wp-json\/wp\/v2\/pages\/58","targetHints":{"allow":["GET"]}}],"collection":[{"href":"https:\/\/iycdenmark.dk\/da\/wp-json\/wp\/v2\/pages"}],"about":[{"href":"https:\/\/iycdenmark.dk\/da\/wp-json\/wp\/v2\/types\/page"}],"author":[{"embeddable":true,"href":"https:\/\/iycdenmark.dk\/da\/wp-json\/wp\/v2\/users\/1"}],"replies":[{"embeddable":true,"href":"https:\/\/iycdenmark.dk\/da\/wp-json\/wp\/v2\/comments?post=58"}],"version-history":[{"count":6,"href":"https:\/\/iycdenmark.dk\/da\/wp-json\/wp\/v2\/pages\/58\/revisions"}],"predecessor-version":[{"id":1211,"href":"https:\/\/iycdenmark.dk\/da\/wp-json\/wp\/v2\/pages\/58\/revisions\/1211"}],"wp:attachment":[{"href":"https:\/\/iycdenmark.dk\/da\/wp-json\/wp\/v2\/media?parent=58"}],"curies":[{"name":"wp","href":"https:\/\/api.w.org\/{rel}","templated":true}]}}