{"id":628,"date":"2024-02-13T13:04:45","date_gmt":"2024-02-13T12:04:45","guid":{"rendered":"https:\/\/iycdenmark.dk\/?page_id=628"},"modified":"2024-02-13T18:29:31","modified_gmt":"2024-02-13T17:29:31","slug":"ugeplan","status":"publish","type":"page","link":"https:\/\/iycdenmark.dk\/da\/ugeplan\/","title":{"rendered":"Ugeplan"},"content":{"rendered":"<p class=\"has-medium-font-size\"><strong>S\u00f8ndag<\/strong><\/p><p>Kl. 14.00 &#8211; Ankomst<br>Kl. 18.00 &#8211; Aftensmad<br>Kl. 23.00 &#8211; Godnat<\/p><p class=\"has-medium-font-size\"><strong>Mandag<\/strong><\/p><p>Kl. 7.30 &#8211; Morgenmad<br>Kl. 9.00 &#8211; Tr\u00e6ningssession<br>Kl. 11.30 &#8211; Frokost<br>Kl. 13.00 &#8211; Tr\u00e6ningssession<br>Kl. 15.00 &#8211; Eftermiddags snack<br>Kl. 15.30 &#8211; Tr\u00e6ningssession<br>Kl. 18.00 &#8211; Aftensmad<br>Kl. 19.30 &#8211; Aftenarrangement<br>Kl. 23.00 &#8211; Godnat<br><\/p><p class=\"has-medium-font-size\"><strong>Tirsdag<\/strong><\/p><p>Kl. 7.30 &#8211; Morgenmad<br>Kl. 9.00 &#8211; Tr\u00e6ningssession<br>Kl. 11.30 &#8211; Frokost<br>Kl. 13.00 &#8211; Tr\u00e6ningssession<br>Kl. 15.00 &#8211; Eftermiddags snack<br>Kl. 15.30 &#8211; Tr\u00e6ningssession<br>Kl. 18.00 &#8211; Aftensmad<br>Kl. 19.30 &#8211; Aftenarrangement<br>Kl. 23.00 &#8211; Godnat<\/p><p class=\"has-medium-font-size\"><strong>Onsdag<\/strong><\/p><p>Kl. 7.30 &#8211; Morgenmad<br>Kl. 9.00 &#8211; Tr\u00e6ningssession<br>Kl. 11.30 &#8211; Frokost<br>Kl. 13.00 &#8211; Tr\u00e6ningssession<br>Kl. 15.00 &#8211; Eftermiddags snack<br>Kl. 15.30 &#8211; Tr\u00e6ningssession<br>Kl. 18.00 &#8211; Aftensmad<br>Kl. 19.30 &#8211; Aftenarrangement<br>Kl. 23.00 &#8211; Godnat<\/p><p class=\"has-medium-font-size\"><strong>Torsdag<\/strong><\/p><p>Kl. 7.30 &#8211; Morgenmad<br>Kl. 9.00 &#8211; Tr\u00e6ningssession<br>Kl. 11. 30 &#8211; Frokost<br>Kl. 12.30 &#8211; Tr\u00e6ningsession<br>Kl. 15.00 &#8211; Eftermiddags snack<br>Kl. 15.30 &#8211; Tr\u00e6ningssession<br>Kl. 18.00 &#8211; Aftensmad<br>Kl. 19.30 &#8211; Aftenturnering<br>Kl. 23.00 &#8211; Godnat<\/p><p class=\"has-medium-font-size\"><strong>Fredag<\/strong><\/p><p>Kl. 8.00 &#8211; Morgenmad<br>Kl. 10.00 &#8211; Tur til Legoland<br>Kl. 13.00 &#8211; Frokost <br>Kl. 18.00 &#8211; Aftensmad<br>Kl. 19.30 &#8211; Karaoke-aften<br>Kl. 23.00 &#8211; Godnat<\/p><p class=\"has-medium-font-size\"><strong>L\u00f8rdag og S\u00f8ndag<\/strong><\/p><p><a href=\"https:\/\/iycdenmark.dk\/da\/tidsplan\/\" data-type=\"page\" data-id=\"54\">IYC Event<\/a><\/p>","protected":false},"excerpt":{"rendered":"<p>S\u00f8ndag Kl. 14.00 &#8211; AnkomstKl. 18.00 &#8211; AftensmadKl. 23.00 &#8211; Godnat Mandag Kl. 7.30 &#8211; MorgenmadKl. 9.00 &#8211; Tr\u00e6ningssessionKl. 11.30 &#8211; FrokostKl. 13.00 &#8211; Tr\u00e6ningssessionKl. 15.00 &#8211; Eftermiddags snackKl. 15.30 &#8211; Tr\u00e6ningssessionKl. 18.00 &#8211; AftensmadKl. 19.30 &#8211; AftenarrangementKl. 23.00 &#8211; Godnat Tirsdag Kl. 7.30 &#8211; MorgenmadKl. 9.00 &#8211; Tr\u00e6ningssessionKl. 11.30 &#8211; FrokostKl. 13.00 &#8211; Tr\u00e6ningssessionKl. [&hellip;]<\/p>\n","protected":false},"author":1,"featured_media":0,"parent":0,"menu_order":0,"comment_status":"closed","ping_status":"closed","template":"","meta":{"footnotes":""},"class_list":["post-628","page","type-page","status-publish","czr-hentry"],"_links":{"self":[{"href":"https:\/\/iycdenmark.dk\/da\/wp-json\/wp\/v2\/pages\/628","targetHints":{"allow":["GET"]}}],"collection":[{"href":"https:\/\/iycdenmark.dk\/da\/wp-json\/wp\/v2\/pages"}],"about":[{"href":"https:\/\/iycdenmark.dk\/da\/wp-json\/wp\/v2\/types\/page"}],"author":[{"embeddable":true,"href":"https:\/\/iycdenmark.dk\/da\/wp-json\/wp\/v2\/users\/1"}],"replies":[{"embeddable":true,"href":"https:\/\/iycdenmark.dk\/da\/wp-json\/wp\/v2\/comments?post=628"}],"version-history":[{"count":0,"href":"https:\/\/iycdenmark.dk\/da\/wp-json\/wp\/v2\/pages\/628\/revisions"}],"wp:attachment":[{"href":"https:\/\/iycdenmark.dk\/da\/wp-json\/wp\/v2\/media?parent=628"}],"curies":[{"name":"wp","href":"https:\/\/api.w.org\/{rel}","templated":true}]}}