{"id":1121,"date":"2026-02-13T14:52:31","date_gmt":"2026-02-13T13:52:31","guid":{"rendered":"https:\/\/iycdenmark.dk\/?post_type=product&#038;p=1121"},"modified":"2026-03-05T15:50:30","modified_gmt":"2026-03-05T14:50:30","slug":"iyc-oestrig-bustur","status":"publish","type":"product","link":"https:\/\/iycdenmark.dk\/da\/vare\/iyc-oestrig-bustur\/","title":{"rendered":"IYC \u00d8strig Bustur"},"content":{"rendered":"<p>HVOR: IYC \u00d8strig i Wien<\/p>\n<p>HVORN\u00c5R: Afgang fra Fredericia torsdag d. 12. marts kl. 19.00<br \/>\n(n\u00e6rmere info f\u00f8lger)<\/p>\n<p>HJEMKOMST: Ved Fredericia mandag d. 16. marts ca. kl. 13.00<\/p>\n<p>INKLUDERET I PRISEN ER:<br \/>\nBustur tur\/retur til Wien<br \/>\nOvernatning p\u00e5 3 personers v\u00e6relser<br \/>\n\u2013 hotellet ligger 5 minutters gang fra spillestedet.<br \/>\nMorgenmad p\u00e5 hotellet<\/p>\n","protected":false},"excerpt":{"rendered":"<p>HVOR: IYC \u00d8strig i Wien HVORN\u00c5R: Afgang fra Fredericia torsdag d. 12. marts kl. 19.00 (n\u00e6rmere info f\u00f8lger) HJEMKOMST: Ved Fredericia mandag d. 16. marts ca. kl. 13.00 INKLUDERET I PRISEN ER: Bustur tur\/retur til Wien Overnatning p\u00e5 3 personers v\u00e6relser \u2013 hotellet ligger 5 minutters gang fra spillestedet. Morgenmad p\u00e5 hotellet<\/p>\n","protected":false},"featured_media":135,"comment_status":"open","ping_status":"closed","template":"","meta":{"wds_primary_product_brand":0,"wds_primary_product_cat":0},"product_brand":[],"product_cat":[29],"product_tag":[],"class_list":{"0":"post-1121","1":"product","2":"type-product","3":"status-publish","4":"has-post-thumbnail","6":"product_cat-uncategorized-da","8":"first","9":"outofstock","10":"shipping-taxable","11":"purchasable","12":"product-type-simple","13":"czr-hentry"},"_links":{"self":[{"href":"https:\/\/iycdenmark.dk\/da\/wp-json\/wp\/v2\/product\/1121","targetHints":{"allow":["GET"]}}],"collection":[{"href":"https:\/\/iycdenmark.dk\/da\/wp-json\/wp\/v2\/product"}],"about":[{"href":"https:\/\/iycdenmark.dk\/da\/wp-json\/wp\/v2\/types\/product"}],"replies":[{"embeddable":true,"href":"https:\/\/iycdenmark.dk\/da\/wp-json\/wp\/v2\/comments?post=1121"}],"wp:featuredmedia":[{"embeddable":true,"href":"https:\/\/iycdenmark.dk\/da\/wp-json\/wp\/v2\/media\/135"}],"wp:attachment":[{"href":"https:\/\/iycdenmark.dk\/da\/wp-json\/wp\/v2\/media?parent=1121"}],"wp:term":[{"taxonomy":"product_brand","embeddable":true,"href":"https:\/\/iycdenmark.dk\/da\/wp-json\/wp\/v2\/product_brand?post=1121"},{"taxonomy":"product_cat","embeddable":true,"href":"https:\/\/iycdenmark.dk\/da\/wp-json\/wp\/v2\/product_cat?post=1121"},{"taxonomy":"product_tag","embeddable":true,"href":"https:\/\/iycdenmark.dk\/da\/wp-json\/wp\/v2\/product_tag?post=1121"}],"curies":[{"name":"wp","href":"https:\/\/api.w.org\/{rel}","templated":true}]}}