{"id":1206,"date":"2026-03-22T11:30:45","date_gmt":"2026-03-22T10:30:45","guid":{"rendered":"https:\/\/iycdenmark.dk\/?post_type=product&#038;p=1206"},"modified":"2026-03-22T11:38:55","modified_gmt":"2026-03-22T10:38:55","slug":"iyc-tyskland-bustur","status":"publish","type":"product","link":"https:\/\/iycdenmark.dk\/da\/vare\/iyc-tyskland-bustur\/","title":{"rendered":"IYC Tyskland Bustur"},"content":{"rendered":"<p>HVOR: IYC Tyskland i Wien<\/p>\n<p>HVORN\u00c5R: Torsdag d. 13. august<br \/>\n(n\u00e6rmere info f\u00f8lger)<\/p>\n<p>HJEMKOMST: Mandag d. 17. august<br \/>\n(n\u00e6rmere info f\u00f8lger)<\/p>\n<p>INKLUDERET I PRISEN ER:<br \/>\nBustur tur\/retur til Borken<\/p>\n<p>Morgenmad p\u00e5 hotellet<\/p>\n","protected":false},"excerpt":{"rendered":"<p>HVOR: IYC Tyskland i Wien HVORN\u00c5R: Torsdag d. 13. august (n\u00e6rmere info f\u00f8lger) HJEMKOMST: Mandag d. 17. august (n\u00e6rmere info f\u00f8lger) INKLUDERET I PRISEN ER: Bustur tur\/retur til Borken Morgenmad p\u00e5 hotellet<\/p>\n","protected":false},"featured_media":141,"comment_status":"open","ping_status":"closed","template":"","meta":{"wds_primary_product_brand":0,"wds_primary_product_cat":0},"product_brand":[],"product_cat":[29],"product_tag":[],"class_list":{"0":"post-1206","1":"product","2":"type-product","3":"status-publish","4":"has-post-thumbnail","6":"product_cat-uncategorized-da","8":"first","9":"instock","10":"shipping-taxable","11":"purchasable","12":"product-type-simple","13":"czr-hentry"},"_links":{"self":[{"href":"https:\/\/iycdenmark.dk\/da\/wp-json\/wp\/v2\/product\/1206","targetHints":{"allow":["GET"]}}],"collection":[{"href":"https:\/\/iycdenmark.dk\/da\/wp-json\/wp\/v2\/product"}],"about":[{"href":"https:\/\/iycdenmark.dk\/da\/wp-json\/wp\/v2\/types\/product"}],"replies":[{"embeddable":true,"href":"https:\/\/iycdenmark.dk\/da\/wp-json\/wp\/v2\/comments?post=1206"}],"wp:featuredmedia":[{"embeddable":true,"href":"https:\/\/iycdenmark.dk\/da\/wp-json\/wp\/v2\/media\/141"}],"wp:attachment":[{"href":"https:\/\/iycdenmark.dk\/da\/wp-json\/wp\/v2\/media?parent=1206"}],"wp:term":[{"taxonomy":"product_brand","embeddable":true,"href":"https:\/\/iycdenmark.dk\/da\/wp-json\/wp\/v2\/product_brand?post=1206"},{"taxonomy":"product_cat","embeddable":true,"href":"https:\/\/iycdenmark.dk\/da\/wp-json\/wp\/v2\/product_cat?post=1206"},{"taxonomy":"product_tag","embeddable":true,"href":"https:\/\/iycdenmark.dk\/da\/wp-json\/wp\/v2\/product_tag?post=1206"}],"curies":[{"name":"wp","href":"https:\/\/api.w.org\/{rel}","templated":true}]}}