{"id":367,"date":"2024-02-05T22:44:57","date_gmt":"2024-02-05T21:44:57","guid":{"rendered":"https:\/\/iycdenmark.dk\/?page_id=367"},"modified":"2024-02-08T14:23:03","modified_gmt":"2024-02-08T13:23:03","slug":"devon-petersen-die-suedafrikanische-dart-sensation","status":"publish","type":"page","link":"https:\/\/iycdenmark.dk\/de\/devon-petersen-die-suedafrikanische-dart-sensation\/","title":{"rendered":"Devon Petersen: Die s\u00fcdafrikanische Dart-Sensation"},"content":{"rendered":"<div class=\"wp-block-image\"><figure class=\"alignright size-large is-resized\"><img loading=\"lazy\" decoding=\"async\" width=\"1024\" height=\"786\" src=\"https:\/\/iycdenmark.dk\/wp-content\/uploads\/2024\/02\/IMG_5082-1024x786.jpg\" alt=\"\" class=\"wp-image-278\" style=\"width:325px;height:auto\" srcset=\"https:\/\/iycdenmark.dk\/wp-content\/uploads\/2024\/02\/IMG_5082-1024x786.jpg 1024w, https:\/\/iycdenmark.dk\/wp-content\/uploads\/2024\/02\/IMG_5082-300x230.jpg 300w, https:\/\/iycdenmark.dk\/wp-content\/uploads\/2024\/02\/IMG_5082-768x589.jpg 768w, https:\/\/iycdenmark.dk\/wp-content\/uploads\/2024\/02\/IMG_5082-1536x1179.jpg 1536w, https:\/\/iycdenmark.dk\/wp-content\/uploads\/2024\/02\/IMG_5082-570x437.jpg 570w, https:\/\/iycdenmark.dk\/wp-content\/uploads\/2024\/02\/IMG_5082-600x461.jpg 600w, https:\/\/iycdenmark.dk\/wp-content\/uploads\/2024\/02\/IMG_5082.jpg 1600w\" sizes=\"auto, (max-width: 1024px) 100vw, 1024px\" \/><\/figure><\/div><p>Devon Petersen ist ein Name, der bei Dart-Enthusiasten weltweit bekannt ist. Geboren am 4. Juni 1986 in Mitchells Plain, S\u00fcdafrika, hat er sich zu einem der hellsten Sterne in der Welt des professionellen Darts entwickelt.<\/p><p>Petersens Dartreise begann in jungen Jahren, und seine Hingabe zum Sport wurde schnell offensichtlich. Bekannt f\u00fcr seine charismatische Pers\u00f6nlichkeit und seine lebendige B\u00fchnenpr\u00e4senz, hat er den Spitznamen &#8222;The African Warrior&#8220; erhalten. Es sind nicht nur seine Dartf\u00e4higkeiten, die das Publikum faszinieren, sondern auch seine Showmanship und die F\u00e4higkeit, die Menge zu begeistern.<\/p><p>Devon Petersen machte seinen Durchbruch auf der internationalen Dartb\u00fchne und wurde 2011 der erste s\u00fcdafrikanische Spieler, der eine PDC (Professional Darts Corporation) Tour Card erhielt. Seitdem hat er kontinuierlich sein Talent auf der professionellen Tour gezeigt und sich gegen die besten Spieler der Welt behauptet.<\/p><p>Eine seiner bemerkenswertesten Leistungen erreichte Petersen im Jahr 2021, als er das Halbfinale der renommierten PDC World Darts Championship erreichte. Seine elektrisierenden Auftritte und seine unglaubliche Reise durch das Turnier eroberten die Herzen der Fans und festigten seinen Status als erstklassiger Spieler.<\/p><p>Petersens Einfluss reicht \u00fcber die Dartscheibe hinaus. Er ist auch Botschafter f\u00fcr Darts in S\u00fcdafrika und inspiriert die n\u00e4chste Generation von Spielern. Sein Engagement f\u00fcr das Wachstum des Sports in Afrika hat ihm Anerkennung und Bewunderung von Fans und Mitbewerbern gleicherma\u00dfen eingebracht.<\/p><p>Mit seinem einzigartigen Stil, seiner Fertigkeit und seiner unersch\u00fctterlichen Entschlossenheit setzt Devon Petersen weiterhin Ma\u00dfst\u00e4be in der Welt des Darts. Er bleibt ein aufregender Spieler, den es zu beobachten gilt, und ein wahrer Botschafter f\u00fcr den Sport, der S\u00fcdafrika auf der globalen Dartb\u00fchne repr\u00e4sentiert.<\/p><figure class=\"wp-block-gallery has-nested-images columns-default is-cropped wp-block-gallery-1 is-layout-flex wp-block-gallery-is-layout-flex\"><figure class=\"wp-block-image size-large\"><img loading=\"lazy\" decoding=\"async\" width=\"1024\" height=\"682\" data-id=\"281\" src=\"https:\/\/iycdenmark.dk\/wp-content\/uploads\/2024\/02\/IMG_5080-1024x682.jpg\" alt=\"\" class=\"wp-image-281\" srcset=\"https:\/\/iycdenmark.dk\/wp-content\/uploads\/2024\/02\/IMG_5080-1024x682.jpg 1024w, https:\/\/iycdenmark.dk\/wp-content\/uploads\/2024\/02\/IMG_5080-300x200.jpg 300w, https:\/\/iycdenmark.dk\/wp-content\/uploads\/2024\/02\/IMG_5080-768x512.jpg 768w, https:\/\/iycdenmark.dk\/wp-content\/uploads\/2024\/02\/IMG_5080-1536x1024.jpg 1536w, https:\/\/iycdenmark.dk\/wp-content\/uploads\/2024\/02\/IMG_5080-570x380.jpg 570w, https:\/\/iycdenmark.dk\/wp-content\/uploads\/2024\/02\/IMG_5080-600x400.jpg 600w, https:\/\/iycdenmark.dk\/wp-content\/uploads\/2024\/02\/IMG_5080.jpg 1600w\" sizes=\"auto, (max-width: 1024px) 100vw, 1024px\" \/><\/figure>\n\n<figure class=\"wp-block-image size-large\"><img loading=\"lazy\" decoding=\"async\" width=\"682\" height=\"1024\" data-id=\"275\" src=\"https:\/\/iycdenmark.dk\/wp-content\/uploads\/2024\/02\/IMG_5083-682x1024.jpg\" alt=\"\" class=\"wp-image-275\" srcset=\"https:\/\/iycdenmark.dk\/wp-content\/uploads\/2024\/02\/IMG_5083-682x1024.jpg 682w, https:\/\/iycdenmark.dk\/wp-content\/uploads\/2024\/02\/IMG_5083-200x300.jpg 200w, https:\/\/iycdenmark.dk\/wp-content\/uploads\/2024\/02\/IMG_5083-768x1153.jpg 768w, https:\/\/iycdenmark.dk\/wp-content\/uploads\/2024\/02\/IMG_5083-1023x1536.jpg 1023w, https:\/\/iycdenmark.dk\/wp-content\/uploads\/2024\/02\/IMG_5083-570x856.jpg 570w, https:\/\/iycdenmark.dk\/wp-content\/uploads\/2024\/02\/IMG_5083-600x901.jpg 600w, https:\/\/iycdenmark.dk\/wp-content\/uploads\/2024\/02\/IMG_5083.jpg 1066w\" sizes=\"auto, (max-width: 682px) 100vw, 682px\" \/><\/figure>\n\n<figure class=\"wp-block-image size-large\"><img loading=\"lazy\" decoding=\"async\" width=\"1024\" height=\"682\" data-id=\"272\" src=\"https:\/\/iycdenmark.dk\/wp-content\/uploads\/2024\/02\/IMG_5081-1024x682.jpg\" alt=\"\" class=\"wp-image-272\" srcset=\"https:\/\/iycdenmark.dk\/wp-content\/uploads\/2024\/02\/IMG_5081-1024x682.jpg 1024w, https:\/\/iycdenmark.dk\/wp-content\/uploads\/2024\/02\/IMG_5081-300x200.jpg 300w, https:\/\/iycdenmark.dk\/wp-content\/uploads\/2024\/02\/IMG_5081-768x512.jpg 768w, https:\/\/iycdenmark.dk\/wp-content\/uploads\/2024\/02\/IMG_5081-1536x1024.jpg 1536w, https:\/\/iycdenmark.dk\/wp-content\/uploads\/2024\/02\/IMG_5081-570x380.jpg 570w, https:\/\/iycdenmark.dk\/wp-content\/uploads\/2024\/02\/IMG_5081-600x400.jpg 600w, https:\/\/iycdenmark.dk\/wp-content\/uploads\/2024\/02\/IMG_5081.jpg 1600w\" sizes=\"auto, (max-width: 1024px) 100vw, 1024px\" \/><\/figure><\/figure>","protected":false},"excerpt":{"rendered":"<p>Devon Petersen ist ein Name, der bei Dart-Enthusiasten weltweit bekannt ist. Geboren am 4. Juni 1986 in Mitchells Plain, S\u00fcdafrika, hat er sich zu einem der hellsten Sterne in der Welt des professionellen Darts entwickelt. Petersens Dartreise begann in jungen Jahren, und seine Hingabe zum Sport wurde schnell offensichtlich. Bekannt f\u00fcr seine charismatische Pers\u00f6nlichkeit und [&hellip;]<\/p>\n","protected":false},"author":1,"featured_media":0,"parent":0,"menu_order":0,"comment_status":"closed","ping_status":"closed","template":"","meta":{"footnotes":""},"class_list":["post-367","page","type-page","status-publish","czr-hentry"],"_links":{"self":[{"href":"https:\/\/iycdenmark.dk\/de\/wp-json\/wp\/v2\/pages\/367","targetHints":{"allow":["GET"]}}],"collection":[{"href":"https:\/\/iycdenmark.dk\/de\/wp-json\/wp\/v2\/pages"}],"about":[{"href":"https:\/\/iycdenmark.dk\/de\/wp-json\/wp\/v2\/types\/page"}],"author":[{"embeddable":true,"href":"https:\/\/iycdenmark.dk\/de\/wp-json\/wp\/v2\/users\/1"}],"replies":[{"embeddable":true,"href":"https:\/\/iycdenmark.dk\/de\/wp-json\/wp\/v2\/comments?post=367"}],"version-history":[{"count":0,"href":"https:\/\/iycdenmark.dk\/de\/wp-json\/wp\/v2\/pages\/367\/revisions"}],"wp:attachment":[{"href":"https:\/\/iycdenmark.dk\/de\/wp-json\/wp\/v2\/media?parent=367"}],"curies":[{"name":"wp","href":"https:\/\/api.w.org\/{rel}","templated":true}]}}