{"id":38,"date":"2024-02-01T12:12:44","date_gmt":"2024-02-01T11:12:44","guid":{"rendered":"https:\/\/iycdenmark.dk\/international-youth-challenge-iyc-u18-in-daenemark\/"},"modified":"2025-02-11T15:32:58","modified_gmt":"2025-02-11T14:32:58","slug":"iyc-u18-in-daenemark","status":"publish","type":"page","link":"https:\/\/iycdenmark.dk\/de\/iyc-u18-in-daenemark\/","title":{"rendered":"IYC &#8211; U18 in D\u00e4nemark"},"content":{"rendered":"<p>Machen Sie sich bereit f\u00fcr ein au\u00dfergew\u00f6hnliches Sportereignis, wenn die International Youth Challenge (IYC) &#8211; U18 nach D\u00e4nemark kommt! Markieren Sie sich den 2. und 3. August im Kalender, wenn wir junge Talente aus der ganzen Welt im MAGION, Grinsted zu einem aufregenden zweit\u00e4gigen Wettkampf zusammenbringen.<\/p><p><strong>Veranstaltungsdetails:<\/strong><\/p><ul class=\"wp-block-list\"><li><strong>Datum:<\/strong> 2. und 3. August 2025<\/li>\n\n<li><strong>Ort:<\/strong> MAGION, Grinsted, D\u00e4nemark<\/li><\/ul><p>Aber das ist noch nicht alles! Am Freitag vor dem Event haben wir eine besondere \u00dcberraschung f\u00fcr alle Teilnehmer. Wir organisieren einen unterhaltsamen und geselligen Ausflug in das weltber\u00fchmte Legoland Billund, wo Sie die Attraktionen dieses weltbekannten Freizeitparks genie\u00dfen k\u00f6nnen.<\/p><p><strong>Altersberechtigung:<\/strong> Teilnehmer in der U18-Kategorie sollten am oder nach dem 01.01.2007 geboren sein.<\/p><p>F\u00fcr ausf\u00fchrliche Informationen zu den Turnierregeln und -bestimmungen klicken Sie bitte <a href=\"https:\/\/dartswdf.com\/storage\/uploads\/fb05b306-c92c-4f08-b512-affb092a1b3d\/2019-10-07_WDF_International_Youth_Challenge_Rules_rev_1.pdf\" target=\"_blank\" rel=\"noreferrer noopener\" data-type=\"link\" data-id=\"https:\/\/dartswdf.com\/storage\/uploads\/fb05b306-c92c-4f08-b512-affb092a1b3d\/2019-10-07_WDF_International_Youth_Challenge_Rules_rev_1.pdf\">hier<\/a>.\n\n<\/p><p>Bleiben Sie dran f\u00fcr weitere Updates und Informationen zur Veranstaltung, und machen Sie sich bereit, Teil dieses fantastischen Sporterlebnisses zu werden.<\/p><p>Seien Sie dabei bei zwei unvergesslichen Tagen voller jugendlicher Energie, internationalem Sportskameradschaftsgef\u00fchl bei der International Youth Challenge (IYC) &#8211; U18 in Billund, D\u00e4nemark!<\/p><p><strong>Wenn Sie sich f\u00fcr IYC &#8211; Alles inklusive anmelden, beinhaltet dies die Unterbringung in der Schule neben dem Veranstaltungsort, mit Luftmatratzen und Schlafs\u00e4cken.<br>Es beinhaltet ebenfalls Fr\u00fchst\u00fcck, Mittag- und Abendessen.<br>Der Preis deckt auch die Teilnahme an einem gemeinsamen Ausflug am Freitag ab.<\/strong><\/p><p><strong>Wenn Sie es vorziehen, in einem Hotel zu \u00fcbernachten, k\u00f6nnen Sie sich stattdessen f\u00fcr IYC U18 oder IYC U23 anmelden, wo keine Unterbringung in der Schule und keine Mahlzeiten im Preis enthalten sind.<\/strong><\/p><div data-block-name=\"woocommerce\/product-category\" data-categories=\"[42]\" data-orderby=\"price_desc\" class=\"wc-block-grid wp-block-product-category wp-block-woocommerce-product-category wc-block-product-category has-3-columns has-multiple-rows\"><ul class=\"wc-block-grid__products\"><li class=\"wc-block-grid__product\">\n\t\t\t\t<a href=\"https:\/\/iycdenmark.dk\/de\/produkt\/iyc-alles-inklusive\/\" class=\"wc-block-grid__product-link\">\n\t\t\t\t\t\n\t\t\t\t\t<div class=\"wc-block-grid__product-image\"><img loading=\"lazy\" decoding=\"async\" width=\"300\" height=\"300\" src=\"https:\/\/iycdenmark.dk\/wp-content\/uploads\/2024\/02\/IYCDenmark-300x300.png\" class=\"attachment-woocommerce_thumbnail size-woocommerce_thumbnail no-lazy\" alt=\"IYC - Alles inklusive\" srcset=\"https:\/\/iycdenmark.dk\/wp-content\/uploads\/2024\/02\/IYCDenmark-300x300.png 300w, https:\/\/iycdenmark.dk\/wp-content\/uploads\/2024\/02\/IYCDenmark-100x100.png 100w, https:\/\/iycdenmark.dk\/wp-content\/uploads\/2024\/02\/IYCDenmark-600x598.png 600w, https:\/\/iycdenmark.dk\/wp-content\/uploads\/2024\/02\/IYCDenmark-1024x1020.png 1024w, https:\/\/iycdenmark.dk\/wp-content\/uploads\/2024\/02\/IYCDenmark-150x150.png 150w, https:\/\/iycdenmark.dk\/wp-content\/uploads\/2024\/02\/IYCDenmark-768x765.png 768w, https:\/\/iycdenmark.dk\/wp-content\/uploads\/2024\/02\/IYCDenmark-1536x1531.png 1536w, https:\/\/iycdenmark.dk\/wp-content\/uploads\/2024\/02\/IYCDenmark-2048x2041.png 2048w, https:\/\/iycdenmark.dk\/wp-content\/uploads\/2024\/02\/IYCDenmark-570x568.png 570w, https:\/\/iycdenmark.dk\/wp-content\/uploads\/2024\/02\/IYCDenmark-510x510.png 510w, https:\/\/iycdenmark.dk\/wp-content\/uploads\/2024\/02\/IYCDenmark.png 1600w\" sizes=\"auto, (max-width: 300px) 100vw, 300px\" \/><\/div>\n\t\t\t\t\t<div class=\"wc-block-grid__product-title\">IYC &#8211; Alles inklusive<\/div>\n\t\t\t\t<\/a>\n\t\t\t\t<div class=\"wc-block-grid__product-price price\"><span class=\"woocommerce-Price-amount amount\"><span class=\"woocommerce-Price-currencySymbol\">&euro;<\/span>&nbsp;135,00<\/span><\/div>\n\t\t\t\t\n\t\t\t\t<div class=\"wp-block-button wc-block-grid__product-add-to-cart\"><a href=\"https:\/\/iycdenmark.dk\/de\/produkt\/iyc-alles-inklusive\/\" aria-label=\"In den Warenkorb legen: \u201eIYC - Alles inklusive\u201c\" data-quantity=\"1\" data-product_id=\"373\" data-product_sku=\"\" data-price=\"135\" rel=\"nofollow\" class=\"wp-block-button__link  add_to_cart_button\">Registrieren<\/a><\/div>\n\t\t\t<\/li><li class=\"wc-block-grid__product\">\n\t\t\t\t<a href=\"https:\/\/iycdenmark.dk\/de\/produkt\/iyc-u18\/\" class=\"wc-block-grid__product-link\">\n\t\t\t\t\t\n\t\t\t\t\t<div class=\"wc-block-grid__product-image\"><img loading=\"lazy\" decoding=\"async\" width=\"300\" height=\"300\" src=\"https:\/\/iycdenmark.dk\/wp-content\/uploads\/2024\/02\/IYCDenmark-300x300.png\" class=\"attachment-woocommerce_thumbnail size-woocommerce_thumbnail no-lazy\" alt=\"IYC U18\" srcset=\"https:\/\/iycdenmark.dk\/wp-content\/uploads\/2024\/02\/IYCDenmark-300x300.png 300w, https:\/\/iycdenmark.dk\/wp-content\/uploads\/2024\/02\/IYCDenmark-100x100.png 100w, https:\/\/iycdenmark.dk\/wp-content\/uploads\/2024\/02\/IYCDenmark-600x598.png 600w, https:\/\/iycdenmark.dk\/wp-content\/uploads\/2024\/02\/IYCDenmark-1024x1020.png 1024w, https:\/\/iycdenmark.dk\/wp-content\/uploads\/2024\/02\/IYCDenmark-150x150.png 150w, https:\/\/iycdenmark.dk\/wp-content\/uploads\/2024\/02\/IYCDenmark-768x765.png 768w, https:\/\/iycdenmark.dk\/wp-content\/uploads\/2024\/02\/IYCDenmark-1536x1531.png 1536w, https:\/\/iycdenmark.dk\/wp-content\/uploads\/2024\/02\/IYCDenmark-2048x2041.png 2048w, https:\/\/iycdenmark.dk\/wp-content\/uploads\/2024\/02\/IYCDenmark-570x568.png 570w, https:\/\/iycdenmark.dk\/wp-content\/uploads\/2024\/02\/IYCDenmark-510x510.png 510w, https:\/\/iycdenmark.dk\/wp-content\/uploads\/2024\/02\/IYCDenmark.png 1600w\" sizes=\"auto, (max-width: 300px) 100vw, 300px\" \/><\/div>\n\t\t\t\t\t<div class=\"wc-block-grid__product-title\">IYC U18<\/div>\n\t\t\t\t<\/a>\n\t\t\t\t<div class=\"wc-block-grid__product-price price\"><span class=\"woocommerce-Price-amount amount\"><span class=\"woocommerce-Price-currencySymbol\">&euro;<\/span>&nbsp;0,00<\/span><\/div>\n\t\t\t\t\n\t\t\t\t<div class=\"wp-block-button wc-block-grid__product-add-to-cart\"><a href=\"https:\/\/iycdenmark.dk\/de\/produkt\/iyc-u18\/\" aria-label=\"In den Warenkorb legen: \u201eIYC - Alles inklusive\u201c\" data-quantity=\"1\" data-product_id=\"372\" data-product_sku=\"\" data-price=\"0\" rel=\"nofollow\" class=\"wp-block-button__link  add_to_cart_button\">Registrieren<\/a><\/div>\n\t\t\t<\/li><li class=\"wc-block-grid__product\">\n\t\t\t\t<a href=\"https:\/\/iycdenmark.dk\/de\/produkt\/iyc-u23\/\" class=\"wc-block-grid__product-link\">\n\t\t\t\t\t\n\t\t\t\t\t<div class=\"wc-block-grid__product-image\"><img loading=\"lazy\" decoding=\"async\" width=\"300\" height=\"300\" src=\"https:\/\/iycdenmark.dk\/wp-content\/uploads\/2024\/02\/IYCDenmark-300x300.png\" class=\"attachment-woocommerce_thumbnail size-woocommerce_thumbnail no-lazy\" alt=\"IYC U23\" srcset=\"https:\/\/iycdenmark.dk\/wp-content\/uploads\/2024\/02\/IYCDenmark-300x300.png 300w, https:\/\/iycdenmark.dk\/wp-content\/uploads\/2024\/02\/IYCDenmark-100x100.png 100w, https:\/\/iycdenmark.dk\/wp-content\/uploads\/2024\/02\/IYCDenmark-600x598.png 600w, https:\/\/iycdenmark.dk\/wp-content\/uploads\/2024\/02\/IYCDenmark-1024x1020.png 1024w, https:\/\/iycdenmark.dk\/wp-content\/uploads\/2024\/02\/IYCDenmark-150x150.png 150w, https:\/\/iycdenmark.dk\/wp-content\/uploads\/2024\/02\/IYCDenmark-768x765.png 768w, https:\/\/iycdenmark.dk\/wp-content\/uploads\/2024\/02\/IYCDenmark-1536x1531.png 1536w, https:\/\/iycdenmark.dk\/wp-content\/uploads\/2024\/02\/IYCDenmark-2048x2041.png 2048w, https:\/\/iycdenmark.dk\/wp-content\/uploads\/2024\/02\/IYCDenmark-570x568.png 570w, https:\/\/iycdenmark.dk\/wp-content\/uploads\/2024\/02\/IYCDenmark-510x510.png 510w, https:\/\/iycdenmark.dk\/wp-content\/uploads\/2024\/02\/IYCDenmark.png 1600w\" sizes=\"auto, (max-width: 300px) 100vw, 300px\" \/><\/div>\n\t\t\t\t\t<div class=\"wc-block-grid__product-title\">IYC U23<\/div>\n\t\t\t\t<\/a>\n\t\t\t\t<div class=\"wc-block-grid__product-price price\"><span class=\"woocommerce-Price-amount amount\"><span class=\"woocommerce-Price-currencySymbol\">&euro;<\/span>&nbsp;0,00<\/span><\/div>\n\t\t\t\t\n\t\t\t\t<div class=\"wp-block-button wc-block-grid__product-add-to-cart\"><a href=\"https:\/\/iycdenmark.dk\/de\/produkt\/iyc-u23\/\" aria-label=\"In den Warenkorb legen: \u201eIYC - Alles inklusive\u201c\" data-quantity=\"1\" data-product_id=\"371\" data-product_sku=\"\" data-price=\"0\" rel=\"nofollow\" class=\"wp-block-button__link  add_to_cart_button\">Registrieren<\/a><\/div>\n\t\t\t<\/li><\/ul><\/div>","protected":false},"excerpt":{"rendered":"<p>Machen Sie sich bereit f\u00fcr ein au\u00dfergew\u00f6hnliches Sportereignis, wenn die International Youth Challenge (IYC) &#8211; U18 nach D\u00e4nemark kommt! Markieren Sie sich den 2. und 3. August im Kalender, wenn wir junge Talente aus der ganzen Welt im MAGION, Grinsted zu einem aufregenden zweit\u00e4gigen Wettkampf zusammenbringen. Veranstaltungsdetails: Aber das ist noch nicht alles! Am Freitag [&hellip;]<\/p>\n","protected":false},"author":1,"featured_media":125,"parent":0,"menu_order":0,"comment_status":"closed","ping_status":"closed","template":"","meta":{"footnotes":""},"class_list":["post-38","page","type-page","status-publish","has-post-thumbnail","czr-hentry"],"_links":{"self":[{"href":"https:\/\/iycdenmark.dk\/de\/wp-json\/wp\/v2\/pages\/38","targetHints":{"allow":["GET"]}}],"collection":[{"href":"https:\/\/iycdenmark.dk\/de\/wp-json\/wp\/v2\/pages"}],"about":[{"href":"https:\/\/iycdenmark.dk\/de\/wp-json\/wp\/v2\/types\/page"}],"author":[{"embeddable":true,"href":"https:\/\/iycdenmark.dk\/de\/wp-json\/wp\/v2\/users\/1"}],"replies":[{"embeddable":true,"href":"https:\/\/iycdenmark.dk\/de\/wp-json\/wp\/v2\/comments?post=38"}],"version-history":[{"count":3,"href":"https:\/\/iycdenmark.dk\/de\/wp-json\/wp\/v2\/pages\/38\/revisions"}],"predecessor-version":[{"id":1023,"href":"https:\/\/iycdenmark.dk\/de\/wp-json\/wp\/v2\/pages\/38\/revisions\/1023"}],"wp:featuredmedia":[{"embeddable":true,"href":"https:\/\/iycdenmark.dk\/de\/wp-json\/wp\/v2\/media\/125"}],"wp:attachment":[{"href":"https:\/\/iycdenmark.dk\/de\/wp-json\/wp\/v2\/media?parent=38"}],"curies":[{"name":"wp","href":"https:\/\/api.w.org\/{rel}","templated":true}]}}