{"id":50,"date":"2024-02-01T12:13:40","date_gmt":"2024-02-01T11:13:40","guid":{"rendered":"https:\/\/iycdenmark.dk\/geschichte-und-konzept\/"},"modified":"2024-02-02T14:09:37","modified_gmt":"2024-02-02T13:09:37","slug":"geschichte-und-konzept","status":"publish","type":"page","link":"https:\/\/iycdenmark.dk\/de\/geschichte-und-konzept\/","title":{"rendered":"Geschichte und Konzept"},"content":{"rendered":"<p>Die IYC wurde erstmals im Jahr 2019 von \u00d6sterreich und Ungarn ins Leben gerufen, mit dem Ziel, den Juniorendart unter der WDF (World Darts Federation) zu f\u00f6rdern. Es handelte sich um eine wegweisende Initiative, um eine Plattform f\u00fcr junge Dartspieler zu schaffen, auf der sie auf internationaler Ebene antreten und Erfahrungen austauschen konnten.<\/p><p>Aufgrund der Herausforderungen, die durch die COVID-19-Pandemie entstanden, wurde die Veranstaltung leider verschoben und fand erst wieder im Jahr 2022 statt. Trotz dieser Schwierigkeiten war es m\u00f6glich, 66 Spieler aus verschiedenen L\u00e4ndern f\u00fcr diese Neubelebung zu versammeln.<\/p><p>Im Jahr 2023 wurde der Erfolg in \u00d6sterreich wiederholt, wo insgesamt 113 Juniorenspieler aus nicht weniger als 19 verschiedenen Nationen teilnahmen. Dies war ein deutliches Zeichen daf\u00fcr, wie die IYC zu einer internationalen Veranstaltung herangewachsen war und ein Anziehungspunkt f\u00fcr junge Dartspieler aus der ganzen Welt wurde.<\/p><p>Im Jahr 2024 ist auch D\u00e4nemark bereit, dieser aufregenden Tradition beizutreten. Eine IYC-Veranstaltung ist f\u00fcr Juli geplant, und Deutschland hat sich den Reihen angeschlossen, indem es im August seine eigene IYC ausrichtet.<\/p><p><strong>Konzept:<\/strong><\/p><p>Die IYC ist als zweit\u00e4gige Veranstaltung konzipiert. Am Samstag finden WDF-sanktionierte Jungen- und M\u00e4dcheneinzelspiele statt, gefolgt von einer unterhaltsamen Veranstaltung f\u00fcr die Teilnehmer. Dies erm\u00f6glicht eine Kombination aus Wettbewerb, Unterhaltung und Kameradschaft.<\/p><p>Am Sonntag stehen Team- und Paarwettbewerbe mit zuf\u00e4llig zusammengestellten Teams und Paaren auf dem Programm. Die Veranstaltung endet mit einer L\u00e4nderwertung, die auf allen Spielen des Wochenendes basiert. Auch die L\u00e4nderwertung wird anerkannt und ausgezeichnet.<\/p><p>Die gesamte Veranstaltung wird von der D\u00e4nischen Dart Union (DDU) organisiert und ist, einschlie\u00dflich der unterhaltsamen Veranstaltung, f\u00fcr alle Teilnehmer kostenlos. Es geht darum, eine inklusive und lohnende Erfahrung f\u00fcr junge Dartspieler aus der ganzen Welt zu schaffen.<\/p><p>Die International Youth Challenge (IYC) ist mehr als nur ein Dartturnier; sie ist eine Feier des Talents, der Freundschaft und der Dartkultur \u00fcber nationale Grenzen hinweg. Wir freuen uns darauf, Sie bei der diesj\u00e4hrigen Veranstaltung begr\u00fc\u00dfen zu d\u00fcrfen und darauf, wie sie weiter w\u00e4chst und die globale Dartgemeinschaft st\u00e4rkt.<\/p>","protected":false},"excerpt":{"rendered":"<p>Die IYC wurde erstmals im Jahr 2019 von \u00d6sterreich und Ungarn ins Leben gerufen, mit dem Ziel, den Juniorendart unter der WDF (World Darts Federation) zu f\u00f6rdern. Es handelte sich um eine wegweisende Initiative, um eine Plattform f\u00fcr junge Dartspieler zu schaffen, auf der sie auf internationaler Ebene antreten und Erfahrungen austauschen konnten. Aufgrund der [&hellip;]<\/p>\n","protected":false},"author":1,"featured_media":0,"parent":0,"menu_order":0,"comment_status":"closed","ping_status":"closed","template":"","meta":{"footnotes":""},"class_list":["post-50","page","type-page","status-publish","czr-hentry"],"_links":{"self":[{"href":"https:\/\/iycdenmark.dk\/de\/wp-json\/wp\/v2\/pages\/50","targetHints":{"allow":["GET"]}}],"collection":[{"href":"https:\/\/iycdenmark.dk\/de\/wp-json\/wp\/v2\/pages"}],"about":[{"href":"https:\/\/iycdenmark.dk\/de\/wp-json\/wp\/v2\/types\/page"}],"author":[{"embeddable":true,"href":"https:\/\/iycdenmark.dk\/de\/wp-json\/wp\/v2\/users\/1"}],"replies":[{"embeddable":true,"href":"https:\/\/iycdenmark.dk\/de\/wp-json\/wp\/v2\/comments?post=50"}],"version-history":[{"count":0,"href":"https:\/\/iycdenmark.dk\/de\/wp-json\/wp\/v2\/pages\/50\/revisions"}],"wp:attachment":[{"href":"https:\/\/iycdenmark.dk\/de\/wp-json\/wp\/v2\/media?parent=50"}],"curies":[{"name":"wp","href":"https:\/\/api.w.org\/{rel}","templated":true}]}}