{"id":571,"date":"2024-02-11T00:34:40","date_gmt":"2024-02-10T23:34:40","guid":{"rendered":"https:\/\/iycdenmark.dk\/?page_id=571"},"modified":"2024-02-11T00:44:22","modified_gmt":"2024-02-10T23:44:22","slug":"allgemeine-geschaeftsbedingungen","status":"publish","type":"page","link":"https:\/\/iycdenmark.dk\/de\/allgemeine-geschaeftsbedingungen\/","title":{"rendered":"Allgemeine Gesch\u00e4ftsbedingungen"},"content":{"rendered":"<p><strong>D\u00c4NISCHER DARTVERBAND<\/strong><br>Br\u00f8ndby Stadion 20<br>2605 Br\u00f8ndby<br>USt-IdNr.: 90406450<br>Telefon: 62656120<br>E-Mail: <a><span \n                data-original-string=\"GBi3\/Ak1nbzpwzRzS7lY\/Q==c99UX+c0ffQz7rTcN8xLKQQq5DTl+PUkgBrFM17PNZSe0Y=\"\n                class=\"apbct-email-encoder\"\n                title=\"Dieser Kontakt wurde von Anti-Spam by CleanTalk verschl\u00fcsselt. Klicken Sie hier, um ihn zu entschl\u00fcsseln. Um die Entschl\u00fcsselung abzuschlie\u00dfen, stellen Sie sicher, dass JavaScript in Ihrem Browser aktiviert ist.\">in<span class=\"apbct-blur\">**@da******.<\/span>dk<\/span><\/a><\/p><h2 class=\"wp-block-heading\"><strong>Preise<\/strong><\/h2><p>Alle Preise beim <strong>D\u00c4NISCHEN DARTVERBAND<\/strong> sind in Euro angegeben. Wir behalten uns das Recht vor, die Preise von Tag zu Tag ohne vorherige Zustimmung zu \u00e4ndern. Ausverkaufte Artikel ausgenommen.<\/p><h2 class=\"wp-block-heading\"><strong>Zahlung<\/strong><\/h2><p>Der <strong>D\u00c4NISCHE DARTVERBAND<\/strong> akzeptiert Zahlungen mit VISA, VISA Electron, Mastercard und MobilePay. Die Zahlung wird erst von Ihrem Konto abgebucht, wenn der Artikel versendet wird. Alle Betr\u00e4ge sind in EUR angegeben. Wir behalten uns das Recht vor, Preisfehler und ausverkaufte\/ausgelaufene Artikel zu korrigieren.<\/p><h2 class=\"wp-block-heading\"><strong>Lieferung<\/strong><\/h2><p>Nach Zahlungseingang erhalten Sie eine Best\u00e4tigung per E-Mail, die als endg\u00fcltige Best\u00e4tigung dient, dass die Anmeldung erfasst wurde.<\/p><h2 class=\"wp-block-heading\"><strong>Beschwerden<\/strong><\/h2><p>Es gilt eine 2-j\u00e4hrige Gew\u00e4hrleistung gem\u00e4\u00df dem Kaufgesetz. Unsere Gew\u00e4hrleistung gilt f\u00fcr Material- und\/oder Herstellungsfehler. Sie k\u00f6nnen den Artikel reparieren, umtauschen, erstatten lassen oder einen Preisnachlass erhalten, je nach konkreter Situation. Die Gew\u00e4hrleistung gilt nicht f\u00fcr Fehler oder Sch\u00e4den, die durch unsachgem\u00e4\u00dfe Handhabung des Produkts\/des Dienstes verursacht wurden. Sie m\u00fcssen innerhalb einer &#8222;angemessenen Zeit&#8220; nach Feststellung des Mangels\/der Fehler reklamieren. <strong>D\u00c4NISCHER DARTVERBAND<\/strong> \u00fcbernimmt die R\u00fccksendekosten in angemessenem Umfang.<\/p><p>F\u00fcr R\u00fccksendungen, Reklamationen und die Aus\u00fcbung des Widerrufsrechts senden Sie bitte an:<br><strong>D\u00c4NISCHER DARTVERBAND<\/strong><br>Br\u00f8ndby Stadion 20<br>2605 Br\u00f8ndby<br>Es werden keine Sendungen per Nachnahme akzeptiert.<\/p><h2 class=\"wp-block-heading\"><strong>R\u00fcckerstattung<\/strong><\/h2><p>Bei einer R\u00fcckerstattung f\u00fcgen Sie bitte Bankdaten wie Bankleitzahl und Kontonummer bei, damit der vereinbarte Betrag \u00fcberwiesen werden kann. Diese Informationen k\u00f6nnen sicher per E-Mail oder auf elektronischem Wege bereitgestellt werden, da es sich nicht um sensible Informationen handelt und nur zur Erf\u00fcllung unserer R\u00fcckerstattung verwendet werden.<\/p><h2 class=\"wp-block-heading\"><strong>Widerrufsrecht<\/strong><\/h2><p>Es gilt ein 14-t\u00e4giges vollst\u00e4ndiges Widerrufsrecht f\u00fcr Artikel, die in unserem Webshop gekauft wurden.<\/p><p>K\u00e4ufe von Tickets f\u00fcr Veranstaltungen oder damit verbundene zus\u00e4tzliche Produkte wie Mahlzeittickets, Unterkunft, Transport usw. unterliegen dem &#8222;Gesetz \u00fcber bestimmte Verbrauchervertr\u00e4ge &#8211; \u00a717 Abs. 2 und \u00a79 Abs. 2 Nr. 2a&#8220; &#8211; sind vom Widerrufsrecht ausgenommen. Im Falle einer Stornierung wird das Ticket selbstverst\u00e4ndlich erstattet, und der Betrag wird automatisch auf das Zahlungskonto zur\u00fcckgebucht. Geb\u00fchren sind nicht erstattungsf\u00e4hig.<\/p><p>Die Frist beginnt am Tag;<\/p><ul class=\"wp-block-list\"><li>an dem Sie die Bestellung erhalten.<\/li>\n\n<li>an dem Sie den letzten Artikel in physischem Besitz erhalten, wenn es sich um eine Bestellung mehrerer verschiedener Artikel handelt, die in einer Bestellung, aber einzeln oder in mehreren Teillieferungen geliefert werden.<\/li>\n\n<li>an dem Sie die letzte Charge oder den letzten Teil in physischem Besitz erhalten, wenn es sich um eine Vereinbarung \u00fcber die Lieferung von Waren handelt, die aus mehreren Chargen\/Teilen besteht.<\/li>\n\n<li>an dem Sie den ersten Artikel in physischem Besitz erhalten, wenn es sich um eine regelm\u00e4\u00dfige Lieferung von Waren \u00fcber einen bestimmten Zeitraum handelt.<\/li><\/ul><p>Die R\u00fccksendekosten tragen Sie selbst. Der Widerruf muss uns sp\u00e4testens 14 Tage nach dem Kauf mitgeteilt werden, und Sie m\u00fcssen die Sendung innerhalb von 14 Tagen nach dem Widerruf zur\u00fccksenden. Die Mitteilung muss per E-Mail an <a><span \n                data-original-string=\"XXnDQYVDlnNyY5vdZF6X7A==c99q+5FWNqm8Kc6sdxcfAIclrAU4vfDp6RbrIQKCoIee3s=\"\n                class=\"apbct-email-encoder\"\n                title=\"Dieser Kontakt wurde von Anti-Spam by CleanTalk verschl\u00fcsselt. Klicken Sie hier, um ihn zu entschl\u00fcsseln. Um die Entschl\u00fcsselung abzuschlie\u00dfen, stellen Sie sicher, dass JavaScript in Ihrem Browser aktiviert ist.\">in<span class=\"apbct-blur\">**@da******.<\/span>dk<\/span><\/a> erfolgen. In der Mitteilung m\u00fcssen Sie deutlich darauf hinweisen, dass Sie von Ihrem Widerrufsrecht Gebrauch machen m\u00f6chten. Wenn Sie den Artikel an uns zur\u00fccksenden m\u00f6chten, m\u00fcssen Sie das beiliegende R\u00fccksendeformular ausf\u00fcllen und den Artikel an folgende Adresse senden:<br><strong>D\u00c4NISCHER DARTVERBAND<\/strong><br>Br\u00f8ndby Stadion 20<br>2605 Br\u00f8ndby<\/p><p>Sie k\u00f6nnen nicht allein durch die Verweigerung der Annahme des Artikels ohne gleichzeitige deutliche Mitteilung widerrufen.<\/p><h2 class=\"wp-block-heading\"><strong>Vom Widerrufsrecht ausgeschlossene Artikel<\/strong><\/h2><p>Folgende Arten von Artikeln sind vom Widerrufsrecht ausgeschlossen:<\/p><ul class=\"wp-block-list\"><li>Artikel, die nach den Vorgaben des Verbrauchers hergestellt wurden oder die eindeutig einen pers\u00f6nlichen Charakter haben.<\/li>\n\n<li>Versiegelte Artikel, die aus Gr\u00fcnden des Gesundheitsschutzes oder aus hygienischen Gr\u00fcnden nicht zur R\u00fcckgabe geeignet sind, wenn das Siegel nach der Lieferung gebrochen wurde.<\/li>\n\n<li>Artikel, die aufgrund ihrer Art bei der Lieferung untrennbar mit anderen vermischt werden.<\/li>\n\n<li>Artikel, bei denen das Siegel gebrochen ist.<\/li>\n\n<li>Erbrachte nicht-finanzielle Dienstleistungen, wenn die Erbringung der Dienstleistung mit ausdr\u00fccklicher vorheriger Zustimmung des Verbrauchers und Anerkennung erfolgt, dass das Widerrufsrecht erlischt, sobald die Dienstleistung vollst\u00e4ndig erbracht ist.<\/li>\n\n<li>Lieferung von digitalem Inhalt, der nicht auf einem physischen Medium geliefert wird, wenn die Ausf\u00fchrung mit der ausdr\u00fccklichen vorherigen Zustimmung des Verbrauchers und seiner Anerkennung begonnen hat, dass er dadurch sein Widerrufsrecht verliert.<\/li>\n\n<li>Zeitungen, Zeitschriften oder Periodika, mit Ausnahme von Abonnementvereinbarungen f\u00fcr solche Publikationen.<\/li>\n\n<li>An Vereinbarungen teilgenommene \u00f6ffentliche Auktionen.<\/li>\n\n<li>Artikel, die schnell verderben oder veralten.<\/li>\n\n<li>Tickets oder mit Veranstaltungen verbundene Produkte wie Mahlzeittickets, Buchung von Transport oder Unterkunft usw.<\/li><\/ul><h2 class=\"wp-block-heading\"><strong>R\u00fcckgabe<\/strong><\/h2><p>Sie m\u00fcssen Ihre Bestellung ohne unangemessene Verz\u00f6gerung und sp\u00e4testens 14 Tage nach Aus\u00fcbung Ihres Widerrufsrechts zur\u00fccksenden. Sie tragen die direkten Kosten der R\u00fccksendung. Bei der R\u00fccksendung sind Sie daf\u00fcr verantwortlich, dass der Artikel ordnungsgem\u00e4\u00df verpackt ist. Sie m\u00fcssen eine Kopie der Bestellbest\u00e4tigung beilegen. Der Vorgang wird beschleunigt, wenn Sie auch unser Widerrufsformular ausf\u00fcllen und beilegen.<br>Sie tragen das Risiko f\u00fcr den Artikel ab dem Zeitpunkt der Lieferung des Artikels bis zu dem Zeitpunkt, an dem wir ihn zur\u00fcck erhalten haben.<br>Wir akzeptieren keine Pakete, die per Nachnahme gesendet werden.<\/p><h2 class=\"wp-block-heading\"><strong>Zustand des Artikels bei der R\u00fcckgabe<\/strong><\/h2><p>Sie haften nur f\u00fcr eine Wertminderung des Artikels, die sich aus einer anderen Handhabung als der zur Feststellung der Art, Eigenschaften und Funktionsweise des Artikels erforderlichen Handhabung ergibt. Mit anderen Worten, Sie k\u00f6nnen den Artikel ausprobieren, als w\u00e4ren Sie in einem physischen Gesch\u00e4ft.<\/p><p>Wenn der Artikel \u00fcber das oben beschriebene hinaus getestet wurde, gilt er als gebraucht. Das bedeutet, dass Sie bei der Stornierung des Kaufs nur einen Teil oder keinen Teil des Kaufbetrags zur\u00fcckerhalten, abh\u00e4ngig vom Handelswert des Artikels zum Zeitpunkt des Erhalts der R\u00fccksendung.<\/p><h2 class=\"wp-block-heading\"><strong>R\u00fcckerstattung<\/strong><\/h2><p>Wenn Sie Ihren Kauf stornieren, erhalten Sie nat\u00fcrlich den Betrag, den Sie uns bezahlt haben, zur\u00fcck. Im Falle einer von Ihnen zu verantwortenden Wertminderung wird dieser vom Kaufbetrag abgezogen. Bei Aus\u00fcbung des Widerrufsrechts werden alle von Ihnen erhaltenen Zahlungen einschlie\u00dflich Lieferkosten (mit Ausnahme zus\u00e4tzlicher Kosten aufgrund Ihrer Wahl einer anderen Lieferart als der von uns angebotenen g\u00fcnstigsten Standardlieferung) ohne unangemessene Verz\u00f6gerung und sp\u00e4testens 14 Tage nach dem Datum, an dem wir Ihre Entscheidung erhalten haben<\/p>","protected":false},"excerpt":{"rendered":"<p>D\u00c4NISCHER DARTVERBANDBr\u00f8ndby Stadion 202605 Br\u00f8ndbyUSt-IdNr.: 90406450Telefon: 62656120E-Mail: in**@da******.dk Preise Alle Preise beim D\u00c4NISCHEN DARTVERBAND sind in Euro angegeben. Wir behalten uns das Recht vor, die Preise von Tag zu Tag ohne vorherige Zustimmung zu \u00e4ndern. Ausverkaufte Artikel ausgenommen. Zahlung Der D\u00c4NISCHE DARTVERBAND akzeptiert Zahlungen mit VISA, VISA Electron, Mastercard und MobilePay. Die Zahlung wird erst [&hellip;]<\/p>\n","protected":false},"author":1,"featured_media":0,"parent":0,"menu_order":0,"comment_status":"closed","ping_status":"closed","template":"","meta":{"footnotes":""},"class_list":["post-571","page","type-page","status-publish","czr-hentry"],"_links":{"self":[{"href":"https:\/\/iycdenmark.dk\/de\/wp-json\/wp\/v2\/pages\/571","targetHints":{"allow":["GET"]}}],"collection":[{"href":"https:\/\/iycdenmark.dk\/de\/wp-json\/wp\/v2\/pages"}],"about":[{"href":"https:\/\/iycdenmark.dk\/de\/wp-json\/wp\/v2\/types\/page"}],"author":[{"embeddable":true,"href":"https:\/\/iycdenmark.dk\/de\/wp-json\/wp\/v2\/users\/1"}],"replies":[{"embeddable":true,"href":"https:\/\/iycdenmark.dk\/de\/wp-json\/wp\/v2\/comments?post=571"}],"version-history":[{"count":0,"href":"https:\/\/iycdenmark.dk\/de\/wp-json\/wp\/v2\/pages\/571\/revisions"}],"wp:attachment":[{"href":"https:\/\/iycdenmark.dk\/de\/wp-json\/wp\/v2\/media?parent=571"}],"curies":[{"name":"wp","href":"https:\/\/api.w.org\/{rel}","templated":true}]}}