{"id":577,"date":"2024-02-11T00:50:08","date_gmt":"2024-02-10T23:50:08","guid":{"rendered":"https:\/\/iycdenmark.dk\/?page_id=577"},"modified":"2024-02-11T00:56:30","modified_gmt":"2024-02-10T23:56:30","slug":"datenschutzerklaerung","status":"publish","type":"page","link":"https:\/\/iycdenmark.dk\/de\/datenschutzerklaerung\/","title":{"rendered":"Datenschutzerkl\u00e4rung"},"content":{"rendered":"<p>Wir erheben nur personenbezogene Daten, wenn diese f\u00fcr uns relevant sind, und wir werden nur dann personenbezogene Daten erheben, wenn dies f\u00fcr Ihre Aktivit\u00e4t bei DANSK DART UNION relevant ist.<\/p><p>Bei der Erhebung, Verarbeitung und Nutzung Ihrer personenbezogenen Daten halten wir uns immer an alle relevanten gesetzlichen Bestimmungen.<\/p><p>Wir werden Ihre personenbezogenen Daten nur so lange aufbewahren, wie wir entweder gesetzlich dazu verpflichtet sind oder solange es f\u00fcr den Zweck, zu dem sie erhoben wurden, relevant ist.<\/p><h2 class=\"wp-block-heading\">Informationen, die wir sammeln<\/h2><p>Wenn Sie ein Produkt oder eine Dienstleistung von uns kaufen und erhalten m\u00f6chten, m\u00fcssen wir bestimmte personenbezogene Daten erfassen, um den Kauf abwickeln und Ihnen unsere Dienste anbieten zu k\u00f6nnen. Wir k\u00f6nnen Cookies verwenden, um den Inhalt Ihres Warenkorbs zu verfolgen, w\u00e4hrend Sie unseren Online-Shop nutzen.<\/p><p>Wir k\u00f6nnen Informationen wie Ihren Namen, Ihre E-Mail-Adresse, Ihre Postanschrift, Ihre Lieferadresse (falls diese von der Postanschrift abweicht), Ihre Telefonnummer und Zahlungsinformationen sammeln.<\/p><p>DANSK DART UNION erhebt und verarbeitet Ihre personenbezogenen Daten, wenn Sie folgende Handlungen ausf\u00fchren:<\/p><p>Besuch unserer Website Abschluss eines Kaufs unserer Produkte Erstellung eines Kontos<\/p><p>Verantwortlicher f\u00fcr die Datenverarbeitung<\/p><p>Der Verantwortliche f\u00fcr die Erhebung, Verarbeitung und Nutzung Ihrer personenbezogenen Daten auf <a href=\"http:\/\/www.iycdenmark.dk\/\">www.iycdenmark.dk<\/a> ist DANSK DART UNION, Br\u00f8ndby Stadion 20, 2605 Br\u00f8ndby, Umsatzsteuer-Identifikationsnummer 90406450.<\/p><h2 class=\"wp-block-heading\">Rechtsgrundlage und Zweck<\/h2><p>Wir erheben Ihre allgemeinen Kontaktdaten wie Namen und Adresse, um das Produkt oder die Dienstleistung liefern zu k\u00f6nnen, die Sie bei uns gekauft haben. Ihre E-Mail-Adresse erfassen wir, um Ihnen eine Auftragsbest\u00e4tigung und eine Lieferbest\u00e4tigung zusenden zu k\u00f6nnen.<\/p><p>Wenn Sie f\u00fcr Ihr Produkt oder Ihre Dienstleistung bezahlen, erfassen wir Ihren Namen, Ihre Kartendaten und Ihre IP-Adresse. Die im Zusammenhang mit der Zahlungstransaktion erhobenen Informationen werden nur zur Zahlungsabwicklung und Erf\u00fcllung des abgeschlossenen Vertrags verwendet und gespeichert. Bei der Durchf\u00fchrung von Zahlungen werden einige Ihrer Daten an ePay \u00fcbermittelt, einschlie\u00dflich der f\u00fcr die Zahlungsabwicklung erforderlichen Informationen wie der Gesamtkaufbetrag und der Rechnungsinformationen.<\/p><p>Wenn Sie die personenbezogenen Daten, die f\u00fcr den Kauf eines Produkts erforderlich sind, nicht angeben m\u00f6chten, k\u00f6nnen Sie leider keine Produkte von uns \u00fcber unsere Website kaufen.<\/p><p>Ihre Daten (mit Ausnahme Ihrer E-Mail-Adresse, sofern Sie der Verarbeitung zum Zweck des Erhalts von Angeboten zugestimmt haben) werden 5 Jahre nach Erhalt Ihres Produkts oder Ihrer Dienstleistung gel\u00f6scht.<\/p><h2 class=\"wp-block-heading\">Andere Empf\u00e4nger personenbezogener Daten<\/h2><p>Wir verkaufen Ihre personenbezogenen Daten nicht an Dritte, und wir \u00fcbertragen Ihre personenbezogenen Daten nicht in Drittl\u00e4nder.<\/p><p>Unsere Website wird von Cloudways und das Zahlungssystem von ePay gehostet, die als unsere Auftragsverarbeiter fungieren. Alle personenbezogenen Daten, die Sie auf unserer Website angeben, werden in den Rechenzentren von Cloudways gespeichert.<\/p><p>Wir nutzen externe Unternehmen als Lieferanten, um unsere Dienstleistungen bestm\u00f6glich bereitzustellen. Diese externen Lieferanten sind Auftragsverarbeiter und verarbeiten in einigen F\u00e4llen personenbezogene Daten im Zusammenhang mit der Bereitstellung von Dienstleistungen an uns. Unsere Auftragsverarbeiter verarbeiten personenbezogene Daten nur gem\u00e4\u00df unseren Anweisungen und in \u00dcbereinstimmung mit den gesetzlichen Anforderungen an Auftragsverarbeiter.<\/p><p>Wir haben mit unseren Auftragsverarbeitern Vereinbarungen zur Auftragsverarbeitung getroffen, was unsere Garantie daf\u00fcr ist, dass sie die geltenden Regeln zum Schutz Ihrer personenbezogenen Daten einhalten.<\/p><h2 class=\"wp-block-heading\">Ihre Rechte<\/h2><p>Als betroffene Person haben Sie bestimmte Rechte, die wir jederzeit sicherstellen m\u00fcssen. Sie haben das Recht, Folgendes von uns zu verlangen:<\/p><p>Zugang zu und Berichtigung\/Ihre personenbezogenen Daten \u00e4ndern<\/p><h2 class=\"wp-block-heading\">L\u00f6schung personenbezogener Daten<\/h2><p>Sie haben au\u00dferdem das Recht, gegen die Verarbeitung Ihrer personenbezogenen Daten zu protestieren, und Sie haben das Recht, bei einer Datenschutzbeh\u00f6rde Beschwerde einzulegen.<\/p><p>Wenn Sie nicht mehr m\u00f6chten, dass wir Ihre personenbezogenen Daten verarbeiten oder die Verarbeitung Ihrer personenbezogenen Daten einschr\u00e4nken sollen, k\u00f6nnen Sie uns auch eine entsprechende Anfrage an unsere E-Mail-Adresse <a><span \n                data-original-string=\"TUP+eQ89yLKZXyTRwASiLw==c99bfcxVWLMzHuNVBp\/5jh0Palv\/G4XrE6dJHQ2rL4aOIo=\"\n                class=\"apbct-email-encoder\"\n                title=\"Dieser Kontakt wurde von Anti-Spam by CleanTalk verschl\u00fcsselt. Klicken Sie hier, um ihn zu entschl\u00fcsseln. Um die Entschl\u00fcsselung abzuschlie\u00dfen, stellen Sie sicher, dass JavaScript in Ihrem Browser aktiviert ist.\">in<span class=\"apbct-blur\">**@da******.<\/span>dk<\/span><\/a> senden.<\/p>","protected":false},"excerpt":{"rendered":"<p>Wir erheben nur personenbezogene Daten, wenn diese f\u00fcr uns relevant sind, und wir werden nur dann personenbezogene Daten erheben, wenn dies f\u00fcr Ihre Aktivit\u00e4t bei DANSK DART UNION relevant ist. Bei der Erhebung, Verarbeitung und Nutzung Ihrer personenbezogenen Daten halten wir uns immer an alle relevanten gesetzlichen Bestimmungen. Wir werden Ihre personenbezogenen Daten nur so [&hellip;]<\/p>\n","protected":false},"author":1,"featured_media":0,"parent":0,"menu_order":0,"comment_status":"closed","ping_status":"closed","template":"","meta":{"footnotes":""},"class_list":["post-577","page","type-page","status-publish","czr-hentry"],"_links":{"self":[{"href":"https:\/\/iycdenmark.dk\/de\/wp-json\/wp\/v2\/pages\/577","targetHints":{"allow":["GET"]}}],"collection":[{"href":"https:\/\/iycdenmark.dk\/de\/wp-json\/wp\/v2\/pages"}],"about":[{"href":"https:\/\/iycdenmark.dk\/de\/wp-json\/wp\/v2\/types\/page"}],"author":[{"embeddable":true,"href":"https:\/\/iycdenmark.dk\/de\/wp-json\/wp\/v2\/users\/1"}],"replies":[{"embeddable":true,"href":"https:\/\/iycdenmark.dk\/de\/wp-json\/wp\/v2\/comments?post=577"}],"version-history":[{"count":0,"href":"https:\/\/iycdenmark.dk\/de\/wp-json\/wp\/v2\/pages\/577\/revisions"}],"wp:attachment":[{"href":"https:\/\/iycdenmark.dk\/de\/wp-json\/wp\/v2\/media?parent=577"}],"curies":[{"name":"wp","href":"https:\/\/api.w.org\/{rel}","templated":true}]}}