{"id":62,"date":"2024-02-02T14:31:45","date_gmt":"2024-02-02T13:31:45","guid":{"rendered":"https:\/\/iycdenmark.dk\/unterkunft-und-veranstaltungsort\/"},"modified":"2026-03-22T12:34:31","modified_gmt":"2026-03-22T11:34:31","slug":"unterkunft-und-veranstaltungsort","status":"publish","type":"page","link":"https:\/\/iycdenmark.dk\/de\/unterkunft-und-veranstaltungsort\/","title":{"rendered":"Unterkunft und Veranstaltungsort"},"content":{"rendered":"<div class=\"wp-block-image\"><figure class=\"alignright size-medium\"><img loading=\"lazy\" decoding=\"async\" width=\"300\" height=\"165\" src=\"https:\/\/iycdenmark.dk\/wp-content\/uploads\/2024\/02\/billundidraetscenter-300x165.png\" alt=\"\" class=\"wp-image-112\" srcset=\"https:\/\/iycdenmark.dk\/wp-content\/uploads\/2024\/02\/billundidraetscenter-300x165.png 300w, https:\/\/iycdenmark.dk\/wp-content\/uploads\/2024\/02\/billundidraetscenter-600x329.png 600w, https:\/\/iycdenmark.dk\/wp-content\/uploads\/2024\/02\/billundidraetscenter-768x422.png 768w, https:\/\/iycdenmark.dk\/wp-content\/uploads\/2024\/02\/billundidraetscenter-570x313.png 570w, https:\/\/iycdenmark.dk\/wp-content\/uploads\/2024\/02\/billundidraetscenter.png 1022w\" sizes=\"auto, (max-width: 300px) 100vw, 300px\" \/><\/figure><\/div><p>Die Jugend-Dartschule und das anschlie\u00dfende IYC-Event finden im Billund Sports Center statt. F\u00fcr Teilnehmer, die eine Unterkunft ben\u00f6tigen, bieten wir \u00dcbernachtungsm\u00f6glichkeiten, wo Luftmatratzen und Schlafs\u00e4cke f\u00fcr alle bereitgestellt werden.<\/p><p>Die Ankunft der Teilnehmer der Dart School beginnt ab Sonntag, dem 26. Juli. Wir sorgen f\u00fcr einen angenehmen Aufenthalt, damit Sie sich auf Ihr Training und Ihren Wettkampf konzentrieren k\u00f6nnen.<\/p><p>Die Teilnahme kostet 325 Euro pro Person, was die Unterkunft sowie Fr\u00fchst\u00fcck, Mittagessen und Abendessen beinhaltet. Wir m\u00f6chten sicherstellen, dass Sie alle notwendigen Annehmlichkeiten haben, um Ihre Zeit bei unserer Veranstaltung in vollen Z\u00fcgen genie\u00dfen zu k\u00f6nnen.<\/p><p><a href=\"https:\/\/iycdenmark.dk\/de\/produkt\/jugendakademie-und-iyc\/\" data-type=\"product\" data-id=\"374\">Melden Sie sich f\u00fcr die diesj\u00e4hrige Dart School und das IYC-Event<\/a> hier an. Wir freuen uns darauf, Sie zu einem unvergesslichen Erlebnis in der Welt des Darts begr\u00fc\u00dfen zu d\u00fcrfen!<\/p>","protected":false},"excerpt":{"rendered":"<p>Die Jugend-Dartschule und das anschlie\u00dfende IYC-Event finden im Billund Sports Center statt. F\u00fcr Teilnehmer, die eine Unterkunft ben\u00f6tigen, bieten wir \u00dcbernachtungsm\u00f6glichkeiten, wo Luftmatratzen und Schlafs\u00e4cke f\u00fcr alle bereitgestellt werden. Die Ankunft der Teilnehmer der Dart School beginnt ab Sonntag, dem 26. Juli. Wir sorgen f\u00fcr einen angenehmen Aufenthalt, damit Sie sich auf Ihr Training und [&hellip;]<\/p>\n","protected":false},"author":1,"featured_media":0,"parent":0,"menu_order":0,"comment_status":"closed","ping_status":"closed","template":"","meta":{"footnotes":""},"class_list":["post-62","page","type-page","status-publish","czr-hentry"],"_links":{"self":[{"href":"https:\/\/iycdenmark.dk\/de\/wp-json\/wp\/v2\/pages\/62","targetHints":{"allow":["GET"]}}],"collection":[{"href":"https:\/\/iycdenmark.dk\/de\/wp-json\/wp\/v2\/pages"}],"about":[{"href":"https:\/\/iycdenmark.dk\/de\/wp-json\/wp\/v2\/types\/page"}],"author":[{"embeddable":true,"href":"https:\/\/iycdenmark.dk\/de\/wp-json\/wp\/v2\/users\/1"}],"replies":[{"embeddable":true,"href":"https:\/\/iycdenmark.dk\/de\/wp-json\/wp\/v2\/comments?post=62"}],"version-history":[{"count":4,"href":"https:\/\/iycdenmark.dk\/de\/wp-json\/wp\/v2\/pages\/62\/revisions"}],"predecessor-version":[{"id":1213,"href":"https:\/\/iycdenmark.dk\/de\/wp-json\/wp\/v2\/pages\/62\/revisions\/1213"}],"wp:attachment":[{"href":"https:\/\/iycdenmark.dk\/de\/wp-json\/wp\/v2\/media?parent=62"}],"curies":[{"name":"wp","href":"https:\/\/api.w.org\/{rel}","templated":true}]}}