{"id":371,"date":"2024-02-04T00:07:57","date_gmt":"2024-02-03T23:07:57","guid":{"rendered":"https:\/\/iycdenmark.dk\/product\/iyc-u23\/"},"modified":"2025-02-12T12:04:19","modified_gmt":"2025-02-12T11:04:19","slug":"iyc-u23","status":"publish","type":"product","link":"https:\/\/iycdenmark.dk\/de\/produkt\/iyc-u23\/","title":{"rendered":"IYC U23"},"content":{"rendered":"<p>Ankunft: Freitag, 1. August<\/p>\n<p>Abreise: Sonntag, 3. August<\/p>\n<p>Kein Fr\u00fchst\u00fcck, Mittagessen oder Abendessen inbegriffen.<\/p>\n<p>Startgeb\u00fchr inbegriffen.<\/p>\n<p>DIESES ANGEBOT GILT NUR F\u00dcR U23-SPIELER, DIE IHR HOTEL SELBST GEBUCHT HABEN.<\/p>\n","protected":false},"excerpt":{"rendered":"<p>Ankunft: Freitag, 1. August Abreise: Sonntag, 3. August Kein Fr\u00fchst\u00fcck, Mittagessen oder Abendessen inbegriffen. Startgeb\u00fchr inbegriffen. DIESES ANGEBOT GILT NUR F\u00dcR U23-SPIELER, DIE IHR HOTEL SELBST GEBUCHT HABEN.<\/p>\n","protected":false},"featured_media":125,"comment_status":"open","ping_status":"closed","template":"","meta":{"wds_primary_product_brand":0,"wds_primary_product_cat":0},"product_brand":[],"product_cat":[43,42],"product_tag":[44],"class_list":{"0":"post-371","1":"product","2":"type-product","3":"status-publish","4":"has-post-thumbnail","6":"product_cat-anmeldung","7":"product_cat-iyc-de","8":"product_tag-iyc-de","10":"first","11":"instock","12":"virtual","13":"purchasable","14":"product-type-simple","15":"czr-hentry"},"_links":{"self":[{"href":"https:\/\/iycdenmark.dk\/de\/wp-json\/wp\/v2\/product\/371","targetHints":{"allow":["GET"]}}],"collection":[{"href":"https:\/\/iycdenmark.dk\/de\/wp-json\/wp\/v2\/product"}],"about":[{"href":"https:\/\/iycdenmark.dk\/de\/wp-json\/wp\/v2\/types\/product"}],"replies":[{"embeddable":true,"href":"https:\/\/iycdenmark.dk\/de\/wp-json\/wp\/v2\/comments?post=371"}],"wp:featuredmedia":[{"embeddable":true,"href":"https:\/\/iycdenmark.dk\/de\/wp-json\/wp\/v2\/media\/125"}],"wp:attachment":[{"href":"https:\/\/iycdenmark.dk\/de\/wp-json\/wp\/v2\/media?parent=371"}],"wp:term":[{"taxonomy":"product_brand","embeddable":true,"href":"https:\/\/iycdenmark.dk\/de\/wp-json\/wp\/v2\/product_brand?post=371"},{"taxonomy":"product_cat","embeddable":true,"href":"https:\/\/iycdenmark.dk\/de\/wp-json\/wp\/v2\/product_cat?post=371"},{"taxonomy":"product_tag","embeddable":true,"href":"https:\/\/iycdenmark.dk\/de\/wp-json\/wp\/v2\/product_tag?post=371"}],"curies":[{"name":"wp","href":"https:\/\/api.w.org\/{rel}","templated":true}]}}